{"id":8702,"date":"2017-07-02T10:20:10","date_gmt":"2017-07-02T08:20:10","guid":{"rendered":"https:\/\/www.vlmaritime.com\/es\/product\/a0424-500mm-modular-csd\/"},"modified":"2019-01-02T10:20:57","modified_gmt":"2019-01-02T09:20:57","slug":"a0424-500mm-modular-csd","status":"publish","type":"product","link":"https:\/\/www.vlmaritime.com\/es\/product\/a0424-500mm-modular-csd\/","title":{"rendered":"500mm (20&#8243;) Modular Cutter Suction Dredger"},"content":{"rendered":"<table style=\"height: 991px;\" width=\"575\">\n<tbody>\n<tr>\n<td colspan=\"2\" width=\"415\"><strong>General <\/strong><\/td>\n<\/tr>\n<tr>\n<td width=\"198\">Built<\/td>\n<td width=\"217\">2004<\/td>\n<\/tr>\n<tr>\n<td width=\"198\">Class<\/td>\n<td width=\"217\">BV, I \u2720 Hull dredger coastal area \u2022 MOT<\/td>\n<\/tr>\n<tr>\n<td width=\"198\"><strong>\u00a0<\/strong><\/td>\n<td width=\"217\"><strong>\u00a0<\/strong><\/td>\n<\/tr>\n<tr>\n<td colspan=\"2\" width=\"415\"><strong>Dimensions <\/strong><\/td>\n<\/tr>\n<tr>\n<td width=\"198\">Length oa, incl. ladder<\/td>\n<td width=\"217\">35.0 m<\/td>\n<\/tr>\n<tr>\n<td width=\"198\">Length pontoons<\/td>\n<td width=\"217\">23.5 m<\/td>\n<\/tr>\n<tr>\n<td width=\"198\">Beam<\/td>\n<td width=\"217\">9.5 m<\/td>\n<\/tr>\n<tr>\n<td width=\"198\">Depth mld<\/td>\n<td width=\"217\">2.5 m<\/td>\n<\/tr>\n<tr>\n<td width=\"198\">Draft<\/td>\n<td width=\"217\">1.50 m<\/td>\n<\/tr>\n<tr>\n<td width=\"198\">Side pontoons, moulded<\/td>\n<td width=\"217\">23.5 x 3.0 x 2.5 m<\/td>\n<\/tr>\n<tr>\n<td width=\"198\"><strong>\u00a0<\/strong><\/td>\n<td width=\"217\"><strong>\u00a0<\/strong><\/td>\n<\/tr>\n<tr>\n<td colspan=\"2\" width=\"415\"><strong>Dredging particulars<\/strong><\/td>\n<\/tr>\n<tr>\n<td width=\"198\">Dredging depth<\/td>\n<td width=\"217\">14 m<\/td>\n<\/tr>\n<tr>\n<td width=\"198\">Suction pipe diameter<\/td>\n<td width=\"217\">500 mm<\/td>\n<\/tr>\n<tr>\n<td width=\"198\">Discharge pipe diameter<\/td>\n<td width=\"217\">500 mm<\/td>\n<\/tr>\n<tr>\n<td width=\"198\">Total dry weight approx.<\/td>\n<td width=\"217\">174 t<\/td>\n<\/tr>\n<tr>\n<td width=\"198\"><\/td>\n<td width=\"217\"><strong>\u00a0<\/strong><\/td>\n<\/tr>\n<tr>\n<td colspan=\"2\" width=\"415\"><strong>Machinery <\/strong><\/td>\n<\/tr>\n<tr>\n<td width=\"198\">Dredge pump<\/td>\n<td width=\"217\">IHC<\/td>\n<\/tr>\n<tr>\n<td width=\"198\">Dredge pump engine<\/td>\n<td width=\"217\">Caterpillar 3508 B-SCAC, 745 kW<\/td>\n<\/tr>\n<tr>\n<td width=\"198\">Power pack (cutter, winches, spuds)<\/td>\n<td width=\"217\">Caterpillar 3406C, 345 kW<\/td>\n<\/tr>\n<tr>\n<td width=\"198\">Total installed power<\/td>\n<td width=\"217\">1,090 kW<\/td>\n<\/tr>\n<tr>\n<td width=\"198\"><\/td>\n<td width=\"217\"><\/td>\n<\/tr>\n<tr>\n<td colspan=\"2\" width=\"415\"><strong>Deck equipment<\/strong><\/td>\n<\/tr>\n<tr>\n<td width=\"198\">Cutter<\/td>\n<td width=\"217\">IHC, 170 kW, 1,455 mm, 30 rpm<\/td>\n<\/tr>\n<tr>\n<td width=\"198\">Winches (ladder \/ swing)<\/td>\n<td width=\"217\">11 t pull, 20 m\/min<\/td>\n<\/tr>\n<tr>\n<td width=\"198\">Wire, anchors<\/td>\n<td width=\"217\">100 m x 24 mm, 730 kg each<\/td>\n<\/tr>\n<tr>\n<td width=\"198\">Spuds<\/td>\n<td width=\"217\">2 x 18.6 x\u00a0 0.6 m<\/td>\n<\/tr>\n<tr>\n<td width=\"198\">Spud weight<\/td>\n<td width=\"217\">6.2 t each<\/td>\n<\/tr>\n<tr>\n<td width=\"198\">Spud cylinders stroke<\/td>\n<td width=\"217\">2.10 m<\/td>\n<\/tr>\n<tr>\n<td width=\"198\">Spud stroke<\/td>\n<td width=\"217\">3.15 m<\/td>\n<\/tr>\n<tr>\n<td width=\"198\">Swing width<\/td>\n<td width=\"217\">30 m -39 m<\/td>\n<\/tr>\n<tr>\n<td width=\"198\">Deck crane<\/td>\n<td width=\"217\">2.0 t at 3.5 m<\/td>\n<\/tr>\n<tr>\n<td width=\"198\">Spud carrier<\/td>\n<td width=\"217\">yes<\/td>\n<\/tr>\n<\/tbody>\n<\/table>\n<p>&nbsp;<\/p>\n","protected":false},"excerpt":{"rendered":"<p>2004, IHC Beaver 5014C,\u00a0BV class. Modular. Loa x B x D (m): 35 x 9.5 x 2.5. Dredgepump power: 745 kW. location: NE Europe\u00a0<a href=\"mailto:info@vlmaritime.com\">Enquire<\/a><\/p>\n","protected":false},"featured_media":8691,"template":"","meta":{"_monsterinsights_skip_tracking":false,"_monsterinsights_sitenote_active":false,"_monsterinsights_sitenote_note":"","_monsterinsights_sitenote_category":0},"product_brand":[],"product_cat":[184],"product_tag":[192],"class_list":{"0":"post-8702","1":"product","2":"type-product","3":"status-publish","4":"has-post-thumbnail","6":"product_cat-archived-es","7":"product_tag-withdrawn-es","9":"first","10":"instock","11":"shipping-taxable","12":"product-type-simple"},"yoast_head":"<!-- This site is optimized with the Yoast SEO plugin v26.9 - https:\/\/yoast.com\/product\/yoast-seo-wordpress\/ -->\n<title>500mm (20&quot;) Modular Cutter Suction Dredger - VL Maritime Services (Pty) Ltd<\/title>\n<meta name=\"description\" content=\"500mm (20&quot;) modular Cutter Suction Dredger (drague \u00e0 disque d\u00e9sagr\u00e9gateur) available for sale. Suitable for medium sized projects in smaller ports\" \/>\n<meta name=\"robots\" content=\"index, follow, max-snippet:-1, max-image-preview:large, max-video-preview:-1\" \/>\n<link rel=\"canonical\" href=\"https:\/\/www.vlmaritime.com\/es\/product\/a0424-500mm-modular-csd\/\" \/>\n<meta name=\"twitter:label1\" content=\"Tiempo de lectura\" \/>\n\t<meta name=\"twitter:data1\" content=\"1 minuto\" \/>\n<script type=\"application\/ld+json\" class=\"yoast-schema-graph\">{\"@context\":\"https:\/\/schema.org\",\"@graph\":[{\"@type\":\"WebPage\",\"@id\":\"https:\/\/www.vlmaritime.com\/es\/product\/a0424-500mm-modular-csd\/\",\"url\":\"https:\/\/www.vlmaritime.com\/es\/product\/a0424-500mm-modular-csd\/\",\"name\":\"500mm (20\\\") Modular Cutter Suction Dredger - VL Maritime Services (Pty) Ltd\",\"isPartOf\":{\"@id\":\"https:\/\/www.vlmaritime.com\/#website\"},\"primaryImageOfPage\":{\"@id\":\"https:\/\/www.vlmaritime.com\/es\/product\/a0424-500mm-modular-csd\/#primaryimage\"},\"image\":{\"@id\":\"https:\/\/www.vlmaritime.com\/es\/product\/a0424-500mm-modular-csd\/#primaryimage\"},\"thumbnailUrl\":\"https:\/\/www.vlmaritime.com\/wp-content\/uploads\/2017\/07\/A0424-p1.jpg\",\"datePublished\":\"2017-07-02T08:20:10+00:00\",\"dateModified\":\"2019-01-02T09:20:57+00:00\",\"description\":\"500mm (20\\\") modular Cutter Suction Dredger (drague \u00e0 disque d\u00e9sagr\u00e9gateur) available for sale. Suitable for medium sized projects in smaller ports\",\"breadcrumb\":{\"@id\":\"https:\/\/www.vlmaritime.com\/es\/product\/a0424-500mm-modular-csd\/#breadcrumb\"},\"inLanguage\":\"es\",\"potentialAction\":[{\"@type\":\"ReadAction\",\"target\":[\"https:\/\/www.vlmaritime.com\/es\/product\/a0424-500mm-modular-csd\/\"]}]},{\"@type\":\"ImageObject\",\"inLanguage\":\"es\",\"@id\":\"https:\/\/www.vlmaritime.com\/es\/product\/a0424-500mm-modular-csd\/#primaryimage\",\"url\":\"https:\/\/www.vlmaritime.com\/wp-content\/uploads\/2017\/07\/A0424-p1.jpg\",\"contentUrl\":\"https:\/\/www.vlmaritime.com\/wp-content\/uploads\/2017\/07\/A0424-p1.jpg\",\"width\":631,\"height\":447,\"caption\":\"IHC cutter\"},{\"@type\":\"BreadcrumbList\",\"@id\":\"https:\/\/www.vlmaritime.com\/es\/product\/a0424-500mm-modular-csd\/#breadcrumb\",\"itemListElement\":[{\"@type\":\"ListItem\",\"position\":1,\"name\":\"Home\",\"item\":\"https:\/\/www.vlmaritime.com\/es\/\"},{\"@type\":\"ListItem\",\"position\":2,\"name\":\"Vessels for Sale\/Charter\",\"item\":\"https:\/\/www.vlmaritime.com\/vessels-for-sale-charter\/\"},{\"@type\":\"ListItem\",\"position\":3,\"name\":\"500mm (20&#8243;) Modular Cutter Suction Dredger\"}]},{\"@type\":\"WebSite\",\"@id\":\"https:\/\/www.vlmaritime.com\/#website\",\"url\":\"https:\/\/www.vlmaritime.com\/\",\"name\":\"VL Maritime Services (Pty) Ltd\",\"description\":\"VLMS specialises in S&amp;P, Chartering, Dredge Component Purchase, Contract Support in all aspects in relation to vessels and floating structures in every form and application.\",\"potentialAction\":[{\"@type\":\"SearchAction\",\"target\":{\"@type\":\"EntryPoint\",\"urlTemplate\":\"https:\/\/www.vlmaritime.com\/?s={search_term_string}\"},\"query-input\":{\"@type\":\"PropertyValueSpecification\",\"valueRequired\":true,\"valueName\":\"search_term_string\"}}],\"inLanguage\":\"es\"}]}<\/script>\n<!-- \/ Yoast SEO plugin. -->","yoast_head_json":{"title":"500mm (20\") Modular Cutter Suction Dredger - VL Maritime Services (Pty) Ltd","description":"500mm (20\") modular Cutter Suction Dredger (drague \u00e0 disque d\u00e9sagr\u00e9gateur) available for sale. Suitable for medium sized projects in smaller ports","robots":{"index":"index","follow":"follow","max-snippet":"max-snippet:-1","max-image-preview":"max-image-preview:large","max-video-preview":"max-video-preview:-1"},"canonical":"https:\/\/www.vlmaritime.com\/es\/product\/a0424-500mm-modular-csd\/","twitter_misc":{"Tiempo de lectura":"1 minuto"},"schema":{"@context":"https:\/\/schema.org","@graph":[{"@type":"WebPage","@id":"https:\/\/www.vlmaritime.com\/es\/product\/a0424-500mm-modular-csd\/","url":"https:\/\/www.vlmaritime.com\/es\/product\/a0424-500mm-modular-csd\/","name":"500mm (20\") Modular Cutter Suction Dredger - VL Maritime Services (Pty) Ltd","isPartOf":{"@id":"https:\/\/www.vlmaritime.com\/#website"},"primaryImageOfPage":{"@id":"https:\/\/www.vlmaritime.com\/es\/product\/a0424-500mm-modular-csd\/#primaryimage"},"image":{"@id":"https:\/\/www.vlmaritime.com\/es\/product\/a0424-500mm-modular-csd\/#primaryimage"},"thumbnailUrl":"https:\/\/www.vlmaritime.com\/wp-content\/uploads\/2017\/07\/A0424-p1.jpg","datePublished":"2017-07-02T08:20:10+00:00","dateModified":"2019-01-02T09:20:57+00:00","description":"500mm (20\") modular Cutter Suction Dredger (drague \u00e0 disque d\u00e9sagr\u00e9gateur) available for sale. Suitable for medium sized projects in smaller ports","breadcrumb":{"@id":"https:\/\/www.vlmaritime.com\/es\/product\/a0424-500mm-modular-csd\/#breadcrumb"},"inLanguage":"es","potentialAction":[{"@type":"ReadAction","target":["https:\/\/www.vlmaritime.com\/es\/product\/a0424-500mm-modular-csd\/"]}]},{"@type":"ImageObject","inLanguage":"es","@id":"https:\/\/www.vlmaritime.com\/es\/product\/a0424-500mm-modular-csd\/#primaryimage","url":"https:\/\/www.vlmaritime.com\/wp-content\/uploads\/2017\/07\/A0424-p1.jpg","contentUrl":"https:\/\/www.vlmaritime.com\/wp-content\/uploads\/2017\/07\/A0424-p1.jpg","width":631,"height":447,"caption":"IHC cutter"},{"@type":"BreadcrumbList","@id":"https:\/\/www.vlmaritime.com\/es\/product\/a0424-500mm-modular-csd\/#breadcrumb","itemListElement":[{"@type":"ListItem","position":1,"name":"Home","item":"https:\/\/www.vlmaritime.com\/es\/"},{"@type":"ListItem","position":2,"name":"Vessels for Sale\/Charter","item":"https:\/\/www.vlmaritime.com\/vessels-for-sale-charter\/"},{"@type":"ListItem","position":3,"name":"500mm (20&#8243;) Modular Cutter Suction Dredger"}]},{"@type":"WebSite","@id":"https:\/\/www.vlmaritime.com\/#website","url":"https:\/\/www.vlmaritime.com\/","name":"VL Maritime Services (Pty) Ltd","description":"VLMS specialises in S&amp;P, Chartering, Dredge Component Purchase, Contract Support in all aspects in relation to vessels and floating structures in every form and application.","potentialAction":[{"@type":"SearchAction","target":{"@type":"EntryPoint","urlTemplate":"https:\/\/www.vlmaritime.com\/?s={search_term_string}"},"query-input":{"@type":"PropertyValueSpecification","valueRequired":true,"valueName":"search_term_string"}}],"inLanguage":"es"}]}},"_links":{"self":[{"href":"https:\/\/www.vlmaritime.com\/es\/wp-json\/wp\/v2\/product\/8702","targetHints":{"allow":["GET"]}}],"collection":[{"href":"https:\/\/www.vlmaritime.com\/es\/wp-json\/wp\/v2\/product"}],"about":[{"href":"https:\/\/www.vlmaritime.com\/es\/wp-json\/wp\/v2\/types\/product"}],"wp:featuredmedia":[{"embeddable":true,"href":"https:\/\/www.vlmaritime.com\/es\/wp-json\/wp\/v2\/media\/8691"}],"wp:attachment":[{"href":"https:\/\/www.vlmaritime.com\/es\/wp-json\/wp\/v2\/media?parent=8702"}],"wp:term":[{"taxonomy":"product_brand","embeddable":true,"href":"https:\/\/www.vlmaritime.com\/es\/wp-json\/wp\/v2\/product_brand?post=8702"},{"taxonomy":"product_cat","embeddable":true,"href":"https:\/\/www.vlmaritime.com\/es\/wp-json\/wp\/v2\/product_cat?post=8702"},{"taxonomy":"product_tag","embeddable":true,"href":"https:\/\/www.vlmaritime.com\/es\/wp-json\/wp\/v2\/product_tag?post=8702"}],"curies":[{"name":"wp","href":"https:\/\/api.w.org\/{rel}","templated":true}]}}