{"id":834,"date":"2016-04-24T09:44:09","date_gmt":"2016-04-24T07:44:09","guid":{"rendered":"https:\/\/www.vlmaritime.com\/es\/?page_id=834"},"modified":"2019-03-04T12:33:45","modified_gmt":"2019-03-04T11:33:45","slug":"componentes-de-dragado-y-maritimos","status":"publish","type":"page","link":"https:\/\/www.vlmaritime.com\/es\/componentes-de-dragado-y-maritimos\/","title":{"rendered":"Componentes de Dragado y Maritimos"},"content":{"rendered":"<div class=\"wpb-content-wrapper\">[vc_row][vc_column][vc_column_text]\n<h2><strong>Componentes de Dragado y Maritimas<\/strong><\/h2>\n[\/vc_column_text][\/vc_column][\/vc_row][vc_row][vc_column][vc_column_text]\n<h3><strong>Componentes Maritimas<\/strong><\/h3>\n[\/vc_column_text][\/vc_column][\/vc_row][vc_row][vc_column width=\u00bb1\/4&#8243;][vc_gallery type=\u00bbflexslider_slide\u00bb interval=\u00bb0&#8243; images=\u00bb5150&#8243; img_size=\u00bbfull\u00bb][\/vc_column][vc_column width=\u00bb3\/4&#8243;][vc_tta_tabs active_section=\u00bb1&#8243; title=\u00bbMotion Compensated Gangway\u00bb][vc_tta_section title=\u00bbBreve descripci\u00f3n\u00bb tab_id=\u00bb1463999883393-d3ec8d3a-d85c\u00bb][vc_column_text]<span style=\"color: #000000;\"><strong>Active Motion \/ Heave Compensated Gangways<\/strong><\/span><\/p>\n<p>Available 2 models in 2 configurations.\u00a0Price:\u00a0<a href=\"mailto:info@vlmaritime.com\">Inquire<\/a>[\/vc_column_text][\/vc_tta_section][vc_tta_section title=\u00bbEspecificaci\u00f3n detallada\u00bb tab_id=\u00bb1464877956135-7a439dcd-9857&#8243;][vc_column_text]\n<table width=\"485\">\n<thead>\n<tr>\n<td width=\"182\"><strong>General<\/strong><\/td>\n<td width=\"297\"><strong>\u00a0<\/strong><\/td>\n<\/tr>\n<\/thead>\n<tbody>\n<tr>\n<td width=\"182\">Certification:<\/td>\n<td width=\"297\">DNV GL<\/td>\n<\/tr>\n<tr>\n<td width=\"182\">Gangway length:<\/td>\n<td width=\"297\"><\/td>\n<\/tr>\n<tr>\n<td width=\"182\">Standard<\/td>\n<td width=\"297\">19m +\/- 4m<\/td>\n<\/tr>\n<tr>\n<td width=\"182\">Extended<\/td>\n<td width=\"297\">23m +\/- 4m<\/td>\n<\/tr>\n<tr>\n<td width=\"182\">Allowable luffing angles:<\/td>\n<td width=\"297\"><\/td>\n<\/tr>\n<tr>\n<td width=\"182\">Personnel transfer<\/td>\n<td width=\"297\">-18\u00b0 to +18\u00b0<\/td>\n<\/tr>\n<tr>\n<td width=\"182\">Cargo transfer<\/td>\n<td width=\"297\">-23\u00b0 to +35\u00b0<\/td>\n<\/tr>\n<tr>\n<td width=\"182\">Wind speed:<\/td>\n<td width=\"297\">20 m\/s<\/td>\n<\/tr>\n<tr>\n<td width=\"182\"><strong>\u00a0<\/strong><\/td>\n<td width=\"297\"><\/td>\n<\/tr>\n<tr>\n<td width=\"182\"><strong>Model 1<\/strong><\/td>\n<td width=\"297\"><\/td>\n<\/tr>\n<tr>\n<td width=\"182\">Wave height:<em>\u00a0\u00a0<\/em><\/td>\n<td width=\"297\">Hs = 0 \u2013 3.0m<\/td>\n<\/tr>\n<tr>\n<td width=\"182\">Footprint:<\/td>\n<td width=\"297\">\u00d8 1.5m pedestal<\/td>\n<\/tr>\n<tr>\n<td width=\"182\">Weight:<\/td>\n<td width=\"297\">22 tons<\/td>\n<\/tr>\n<tr>\n<td width=\"182\"><strong>\u00a0<\/strong><\/td>\n<td width=\"297\"><\/td>\n<\/tr>\n<tr>\n<td width=\"182\"><strong>Model 2<\/strong><\/td>\n<td width=\"297\"><\/td>\n<\/tr>\n<tr>\n<td width=\"182\">Wave height:<em>\u00a0\u00a0<\/em><\/td>\n<td width=\"297\">Hs = 0 \u2013 4.5m<\/td>\n<\/tr>\n<tr>\n<td width=\"182\">Footprint:<\/td>\n<td width=\"297\">5.3m x 2.8m<\/td>\n<\/tr>\n<tr>\n<td width=\"182\">Weight:<\/td>\n<td width=\"297\">80 tons<\/td>\n<\/tr>\n<tr>\n<td width=\"182\">Integrated lifting winch<\/td>\n<td width=\"297\"><\/td>\n<\/tr>\n<tr>\n<td width=\"182\">Lifting capacity (SWL):<\/td>\n<td width=\"297\">1.000 kg<\/td>\n<\/tr>\n<\/tbody>\n<\/table>\n[\/vc_column_text][\/vc_tta_section][\/vc_tta_tabs][\/vc_column][\/vc_row][vc_row][vc_column][vc_separator][\/vc_column][\/vc_row][vc_row][vc_column width=\u00bb1\/4&#8243;][vc_gallery type=\u00bbflexslider_slide\u00bb interval=\u00bb0&#8243; images=\u00bb1643&#8243; img_size=\u00bbfull\u00bb][\/vc_column][vc_column width=\u00bb3\/4&#8243;][vc_tta_tabs active_section=\u00bb1&#8243; title=\u00bbOffshore crane: TTS Norlift &#8211; 50 ton SWL\u00bb][vc_tta_section title=\u00bbBreve descripci\u00f3n\u00bb tab_id=\u00bb1464876908656-3eb1c8cb-26d7&#8243;][vc_column_text]<strong>Offshore crane: TTS Norlift, SWL 50 t<\/strong><\/p>\n<p>Including: Certificates, Approved drawings,\u00a0Manuals, Spare parts,\u00a0Load charts, etc.\u00a0Price:\u00a0<a href=\"mailto:info@vlmaritime.com\">Inquire<\/a>[\/vc_column_text][\/vc_tta_section][vc_tta_section title=\u00bbEspecificaci\u00f3n detallada\u00bb tab_id=\u00bb1464876909023-49509b7a-76c0&#8243;][vc_column_text]Details to follow shortly<\/p>\n<p>Built: 2000[\/vc_column_text][\/vc_tta_section][\/vc_tta_tabs][\/vc_column][\/vc_row][vc_row][vc_column][vc_separator][\/vc_column][\/vc_row][vc_row][vc_column][vc_separator][\/vc_column][\/vc_row][vc_row][vc_column][vc_column_text]<strong>Bombas de Dragado<\/strong>[\/vc_column_text][\/vc_column][\/vc_row][vc_row][vc_column width=\u00bb1\/4&#8243;][vc_gallery interval=\u00bb0&#8243; images=\u00bb2273,2272&#8243; img_size=\u00bbfull\u00bb][\/vc_column][vc_column width=\u00bb3\/4&#8243;][vc_tta_tabs active_section=\u00bb1&#8243; title=\u00bbBomba de Dragado &#8211; (Vosta) LMG (2x)\u00bb][vc_tta_section title=\u00bbBreve descripci\u00f3n\u00bb tab_id=\u00bb1463999646901-73cce27f-e9b0&#8243;][vc_column_text]2 x nunca utilizado (Vosta) LMG Bombas de Dragado,\u00a0tipo 900-1725-450, completa, incluyendo los cojinetes, y la \u00a0trozo de tubo para\u00a0entrada \/ inspecci\u00f3n[\/vc_column_text][\/vc_tta_section][vc_tta_section title=\u00bbEspecificaci\u00f3n detallada\u00bb tab_id=\u00bb1463999647050-0f25a0d2-d7ef\u00bb][vc_column_text]\n<table>\n<tbody>\n<tr>\n<td width=\"192\"><\/td>\n<td width=\"66\"><\/td>\n<td width=\"60\"><\/td>\n<td width=\"66\"><\/td>\n<\/tr>\n<tr>\n<td width=\"192\">Qn<\/td>\n<td width=\"66\">m<sup>3<\/sup>\/h<\/td>\n<td style=\"width: 60px; text-align: right;\" width=\"60\">12.300<\/td>\n<td style=\"width: 60px; text-align: right;\" width=\"66\">10.150<\/td>\n<\/tr>\n<tr>\n<td width=\"192\">N<sub>n<\/sub><\/td>\n<td width=\"66\">rpm<\/td>\n<td style=\"width: 60px; text-align: right;\" width=\"60\">215<\/td>\n<td style=\"width: 60px; text-align: right;\" width=\"66\">250<\/td>\n<\/tr>\n<tr>\n<td width=\"192\">H<sub>n<\/sub><\/td>\n<td width=\"66\">meter<\/td>\n<td style=\"width: 60px; text-align: right;\" width=\"60\">19<\/td>\n<td style=\"width: 60px; text-align: right;\" width=\"66\">30<\/td>\n<\/tr>\n<tr>\n<td width=\"192\">P<sub>n<\/sub><\/td>\n<td width=\"66\">kW<\/td>\n<td style=\"width: 60px; text-align: right;\" width=\"60\">740<\/td>\n<td style=\"width: 60px; text-align: right;\" width=\"66\">1.000<\/td>\n<\/tr>\n<tr>\n<td width=\"192\">P<sub>max<\/sub><\/td>\n<td width=\"66\">kW<\/td>\n<td style=\"width: 60px; text-align: right;\" width=\"60\">1.250<\/td>\n<td style=\"width: 60px; text-align: right;\" width=\"66\"><\/td>\n<\/tr>\n<tr>\n<td width=\"192\"><\/td>\n<td width=\"66\"><\/td>\n<td style=\"width: 60px; text-align: right;\" width=\"60\"><\/td>\n<td style=\"width: 60px; text-align: right;\" width=\"66\"><\/td>\n<\/tr>\n<tr>\n<td width=\"192\">Weight pump impellor<\/td>\n<td width=\"66\">kg<\/td>\n<td style=\"width: 60px; text-align: right;\" width=\"60\">3.040<\/td>\n<td width=\"66\"><\/td>\n<\/tr>\n<tr>\n<td width=\"192\">Weight of pump casing<\/td>\n<td width=\"66\">kg<\/td>\n<td style=\"width: 60px; text-align: right;\" width=\"60\">7.200<\/td>\n<td width=\"66\"><\/td>\n<\/tr>\n<tr>\n<td width=\"192\">Total weight<\/td>\n<td width=\"66\">kg<\/td>\n<td style=\"width: 60px; text-align: right;\" width=\"60\">20.500<\/td>\n<td width=\"66\"><\/td>\n<\/tr>\n<tr>\n<td width=\"192\"><\/td>\n<td width=\"66\"><\/td>\n<td width=\"60\"><\/td>\n<td width=\"66\"><\/td>\n<\/tr>\n<tr>\n<td width=\"192\">inlet<\/td>\n<td width=\"66\">mm<\/td>\n<td style=\"width: 60px; text-align: right;\" width=\"60\">900<\/td>\n<td width=\"66\"><\/td>\n<\/tr>\n<tr>\n<td width=\"192\">outlet<\/td>\n<td width=\"66\">mm<\/td>\n<td style=\"width: 60px; text-align: right;\" width=\"60\">800<\/td>\n<td width=\"66\"><\/td>\n<\/tr>\n<\/tbody>\n<\/table>\n<p><a href=\"mailto:info@vlmaritime.com\">Consulta<\/a>\u00a0nosotros pare mas informaci\u00f3n como Q\/h curvas.[\/vc_column_text][\/vc_tta_section][\/vc_tta_tabs][\/vc_column][\/vc_row][vc_row][vc_column][vc_separator][\/vc_column][\/vc_row][vc_row][vc_column width=\u00bb1\/4&#8243;][vc_single_image image=\u00bb527&#8243; img_size=\u00bbfull\u00bb alignment=\u00bbcenter\u00bb][\/vc_column][vc_column width=\u00bb3\/4&#8243;][vc_tta_tabs active_section=\u00bb1&#8243; title=\u00bbBomba de Dragado &#8211; GIW (2x)\u00bb][vc_tta_section title=\u00bbBreve descripci\u00f3n\u00bb tab_id=\u00bb1465886475946-42ed7c82-866b\u00bb][vc_column_text]2 x Bombas de Dragado GIW completas, entrada\/salida: 860\/760 mm, incluyendo cojinetes y de pedestal<\/p>\n[\/vc_column_text][\/vc_tta_section][vc_tta_section title=\u00bbEspecificaci\u00f3n detallada\u00bb tab_id=\u00bb1465886476177-83be75f4-8aa1&#8243;][vc_column_text]Incluye, todo nuevo, cuatro (4) pump shells, seis (6) impulsores (3 x di\u00e1metros diferentes, 2 cada uno), seis (6) que usan placas, anillos y cuatro (4) revestimiento de la c\u00e1mara de agua.<\/p>\n<p>Si fuera necesario, se puede entregar con un poco de tuber\u00edas, cajas de cambio, etc.<\/p>\n<p>Bombas requieren alrededor de 3,000 kW cada unidad<\/p>\n<p>Precio:\u00a0<a href=\"mailto:info@vlmaritime.com\">Consulta<\/a>[\/vc_column_text][\/vc_tta_section][\/vc_tta_tabs][\/vc_column][\/vc_row][vc_row][vc_column][vc_separator][\/vc_column][\/vc_row][vc_row][vc_column][vc_column_text]<strong>Valvula de compuerta deslizante<\/strong>[\/vc_column_text][\/vc_column][\/vc_row][vc_row][vc_column width=\u00bb1\/4&#8243;][vc_single_image image=\u00bb408&#8243; img_size=\u00bblarge\u00bb alignment=\u00bbcenter\u00bb][\/vc_column][vc_column width=\u00bb3\/4&#8243;][vc_column_text]<strong>Nueva\u00a0v\u00e1lvula de compuerta deslizante 900 mm<\/strong><\/p>\n<p>Presi\u00f3n de trabajo: 6 bar<br \/>\nPresi\u00f3n de prueba: 10 bar<br \/>\nAccionado hidr\u00e1ulicamente<\/p>\n<p>Precio:\u00a0<a href=\"mailto:info@vlmaritime.com\">Consulta<\/a>[\/vc_column_text][\/vc_column][\/vc_row][vc_row][vc_column][vc_separator][\/vc_column][\/vc_row][vc_row][vc_column width=\u00bb1\/4&#8243;][vc_single_image image=\u00bb408&#8243; img_size=\u00bblarge\u00bb alignment=\u00bbcenter\u00bb][\/vc_column][vc_column width=\u00bb3\/4&#8243;][vc_column_text]<strong>Nueva\u00a0v\u00e1lvula de compuerta deslizante 900 mm<\/strong><\/p>\n<p>Presi\u00f3n de trabajo: 12\u00a0bar<br \/>\nPresi\u00f3n de prueba: 18 bar<br \/>\nAccionado hidr\u00e1ulicamente<\/p>\n<p>Precio:\u00a0<a href=\"mailto:info@vlmaritime.com\">Consulta<\/a>[\/vc_column_text][\/vc_column][\/vc_row][vc_row][vc_column][vc_separator][\/vc_column][\/vc_row][vc_row][vc_column][vc_column_text]En esta p\u00e1gina encontrar\u00e1 una gran variedad Componentes de Dragado y Maritimas:<\/p>\n<ul>\n<li>Componentes de dragado, como bombas de dragado, bombas de presi\u00f3n, cabezales de corte, dragheads, tenazas, v\u00e1lvula de compuerta deslizante, anclas, patas, convirtiendo gl\u00e1ndulas. en resumen, todos las piezas de desgaste a bordo de una draga.<\/li>\n<li>Componentes mec\u00e1nicas como, motores, cajas de cambios,<\/li>\n<li>Componentes maritimos como propulsors, todo tipo de gr\u00faas, p\u00f3rticos, A-frame, caroussels<\/li>\n<\/ul>\n[\/vc_column_text][\/vc_column][\/vc_row][vc_row][vc_column][vc_separator][\/vc_column][\/vc_row][vc_row][vc_column][vc_column_text]\n<h3>Otro\u00a0Componentes de Dragado y Maritimas<\/h3>\n[\/vc_column_text][\/vc_column][\/vc_row]\n<\/div>","protected":false},"excerpt":{"rendered":"<p>[vc_row][vc_column][vc_column_text] Componentes de Dragado y Maritimas [\/vc_column_text][\/vc_column][\/vc_row][vc_row][vc_column][vc_column_text] Componentes Maritimas [\/vc_column_text][\/vc_column][\/vc_row][vc_row][vc_column width=\u00bb1\/4&#8243;][vc_gallery type=\u00bbflexslider_slide\u00bb interval=\u00bb0&#8243; images=\u00bb5150&#8243; img_size=\u00bbfull\u00bb][\/vc_column][vc_column width=\u00bb3\/4&#8243;][vc_tta_tabs active_section=\u00bb1&#8243; title=\u00bbMotion Compensated Gangway\u00bb][vc_tta_section title=\u00bbBreve descripci\u00f3n\u00bb tab_id=\u00bb1463999883393-d3ec8d3a-d85c\u00bb][vc_column_text]Active Motion \/ Heave<span class=\"excerpt-hellip\"> [\u2026]<\/span><\/p>\n","protected":false},"author":2,"featured_media":0,"parent":0,"menu_order":0,"comment_status":"closed","ping_status":"closed","template":"","meta":{"_monsterinsights_skip_tracking":false,"_monsterinsights_sitenote_active":false,"_monsterinsights_sitenote_note":"","_monsterinsights_sitenote_category":0,"footnotes":""},"class_list":["post-834","page","type-page","status-publish","hentry"],"yoast_head":"<!-- This site is optimized with the Yoast SEO plugin v27.5 - https:\/\/yoast.com\/product\/yoast-seo-wordpress\/ -->\n<title>Componentes de Dragado y Maritimos - VL Maritime Services (Pty) Ltd<\/title>\n<meta name=\"description\" content=\"En Venta: Componentes de Dragado y Maritimas, como Bombas, V\u00e1lvulas, componentes de Fundici\u00f3n, as\u00ed como las Gr\u00faas de Cubierta, y Guinches.\" \/>\n<meta name=\"robots\" content=\"index, follow, max-snippet:-1, max-image-preview:large, max-video-preview:-1\" \/>\n<link rel=\"canonical\" href=\"https:\/\/www.vlmaritime.com\/es\/componentes-de-dragado-y-maritimos\/\" \/>\n<meta name=\"twitter:label1\" content=\"Tiempo de lectura\" \/>\n\t<meta name=\"twitter:data1\" content=\"5 minutos\" \/>\n<script type=\"application\/ld+json\" class=\"yoast-schema-graph\">{\"@context\":\"https:\\\/\\\/schema.org\",\"@graph\":[{\"@type\":\"WebPage\",\"@id\":\"https:\\\/\\\/www.vlmaritime.com\\\/es\\\/componentes-de-dragado-y-maritimos\\\/\",\"url\":\"https:\\\/\\\/www.vlmaritime.com\\\/es\\\/componentes-de-dragado-y-maritimos\\\/\",\"name\":\"Componentes de Dragado y Maritimos - VL Maritime Services (Pty) Ltd\",\"isPartOf\":{\"@id\":\"https:\\\/\\\/www.vlmaritime.com\\\/#website\"},\"datePublished\":\"2016-04-24T07:44:09+00:00\",\"dateModified\":\"2019-03-04T11:33:45+00:00\",\"description\":\"En Venta: Componentes de Dragado y Maritimas, como Bombas, V\u00e1lvulas, componentes de Fundici\u00f3n, as\u00ed como las Gr\u00faas de Cubierta, y Guinches.\",\"breadcrumb\":{\"@id\":\"https:\\\/\\\/www.vlmaritime.com\\\/es\\\/componentes-de-dragado-y-maritimos\\\/#breadcrumb\"},\"inLanguage\":\"es\",\"potentialAction\":[{\"@type\":\"ReadAction\",\"target\":[\"https:\\\/\\\/www.vlmaritime.com\\\/es\\\/componentes-de-dragado-y-maritimos\\\/\"]}]},{\"@type\":\"BreadcrumbList\",\"@id\":\"https:\\\/\\\/www.vlmaritime.com\\\/es\\\/componentes-de-dragado-y-maritimos\\\/#breadcrumb\",\"itemListElement\":[{\"@type\":\"ListItem\",\"position\":1,\"name\":\"Home\",\"item\":\"https:\\\/\\\/www.vlmaritime.com\\\/es\\\/\"},{\"@type\":\"ListItem\",\"position\":2,\"name\":\"Componentes de Dragado y Maritimos\"}]},{\"@type\":\"WebSite\",\"@id\":\"https:\\\/\\\/www.vlmaritime.com\\\/#website\",\"url\":\"https:\\\/\\\/www.vlmaritime.com\\\/\",\"name\":\"VL Maritime Services (Pty) Ltd\",\"description\":\"VLMS specialises in S&amp;P, Chartering, Dredge Component Purchase, Contract Support in all aspects in relation to vessels and floating structures in every form and application.\",\"potentialAction\":[{\"@type\":\"SearchAction\",\"target\":{\"@type\":\"EntryPoint\",\"urlTemplate\":\"https:\\\/\\\/www.vlmaritime.com\\\/?s={search_term_string}\"},\"query-input\":{\"@type\":\"PropertyValueSpecification\",\"valueRequired\":true,\"valueName\":\"search_term_string\"}}],\"inLanguage\":\"es\"}]}<\/script>\n<!-- \/ Yoast SEO plugin. -->","yoast_head_json":{"title":"Componentes de Dragado y Maritimos - VL Maritime Services (Pty) Ltd","description":"En Venta: Componentes de Dragado y Maritimas, como Bombas, V\u00e1lvulas, componentes de Fundici\u00f3n, as\u00ed como las Gr\u00faas de Cubierta, y Guinches.","robots":{"index":"index","follow":"follow","max-snippet":"max-snippet:-1","max-image-preview":"max-image-preview:large","max-video-preview":"max-video-preview:-1"},"canonical":"https:\/\/www.vlmaritime.com\/es\/componentes-de-dragado-y-maritimos\/","twitter_misc":{"Tiempo de lectura":"5 minutos"},"schema":{"@context":"https:\/\/schema.org","@graph":[{"@type":"WebPage","@id":"https:\/\/www.vlmaritime.com\/es\/componentes-de-dragado-y-maritimos\/","url":"https:\/\/www.vlmaritime.com\/es\/componentes-de-dragado-y-maritimos\/","name":"Componentes de Dragado y Maritimos - VL Maritime Services (Pty) Ltd","isPartOf":{"@id":"https:\/\/www.vlmaritime.com\/#website"},"datePublished":"2016-04-24T07:44:09+00:00","dateModified":"2019-03-04T11:33:45+00:00","description":"En Venta: Componentes de Dragado y Maritimas, como Bombas, V\u00e1lvulas, componentes de Fundici\u00f3n, as\u00ed como las Gr\u00faas de Cubierta, y Guinches.","breadcrumb":{"@id":"https:\/\/www.vlmaritime.com\/es\/componentes-de-dragado-y-maritimos\/#breadcrumb"},"inLanguage":"es","potentialAction":[{"@type":"ReadAction","target":["https:\/\/www.vlmaritime.com\/es\/componentes-de-dragado-y-maritimos\/"]}]},{"@type":"BreadcrumbList","@id":"https:\/\/www.vlmaritime.com\/es\/componentes-de-dragado-y-maritimos\/#breadcrumb","itemListElement":[{"@type":"ListItem","position":1,"name":"Home","item":"https:\/\/www.vlmaritime.com\/es\/"},{"@type":"ListItem","position":2,"name":"Componentes de Dragado y Maritimos"}]},{"@type":"WebSite","@id":"https:\/\/www.vlmaritime.com\/#website","url":"https:\/\/www.vlmaritime.com\/","name":"VL Maritime Services (Pty) Ltd","description":"VLMS specialises in S&amp;P, Chartering, Dredge Component Purchase, Contract Support in all aspects in relation to vessels and floating structures in every form and application.","potentialAction":[{"@type":"SearchAction","target":{"@type":"EntryPoint","urlTemplate":"https:\/\/www.vlmaritime.com\/?s={search_term_string}"},"query-input":{"@type":"PropertyValueSpecification","valueRequired":true,"valueName":"search_term_string"}}],"inLanguage":"es"}]}},"_links":{"self":[{"href":"https:\/\/www.vlmaritime.com\/es\/wp-json\/wp\/v2\/pages\/834","targetHints":{"allow":["GET"]}}],"collection":[{"href":"https:\/\/www.vlmaritime.com\/es\/wp-json\/wp\/v2\/pages"}],"about":[{"href":"https:\/\/www.vlmaritime.com\/es\/wp-json\/wp\/v2\/types\/page"}],"author":[{"embeddable":true,"href":"https:\/\/www.vlmaritime.com\/es\/wp-json\/wp\/v2\/users\/2"}],"replies":[{"embeddable":true,"href":"https:\/\/www.vlmaritime.com\/es\/wp-json\/wp\/v2\/comments?post=834"}],"version-history":[{"count":1,"href":"https:\/\/www.vlmaritime.com\/es\/wp-json\/wp\/v2\/pages\/834\/revisions"}],"predecessor-version":[{"id":954,"href":"https:\/\/www.vlmaritime.com\/es\/wp-json\/wp\/v2\/pages\/834\/revisions\/954"}],"wp:attachment":[{"href":"https:\/\/www.vlmaritime.com\/es\/wp-json\/wp\/v2\/media?parent=834"}],"curies":[{"name":"wp","href":"https:\/\/api.w.org\/{rel}","templated":true}]}}