{"id":830,"date":"2016-04-22T13:30:10","date_gmt":"2016-04-22T11:30:10","guid":{"rendered":"https:\/\/www.vlmaritime.com\/es\/?page_id=830"},"modified":"2016-06-10T10:24:40","modified_gmt":"2016-06-10T08:24:40","slug":"barcos-del-equipo","status":"publish","type":"page","link":"https:\/\/www.vlmaritime.com\/es\/barcos-del-equipo\/","title":{"rendered":"Barcos del Equipo \/ Lanchas de Servicio"},"content":{"rendered":"<div class=\"wpb-content-wrapper\">[vc_row][vc_column][vc_column_text]\n<h2>Barcos del Equipo \/ Lanchas de Servicio en Venta<\/h2>\n[\/vc_column_text][\/vc_column][\/vc_row][vc_row][vc_column][vc_separator][\/vc_column][\/vc_row][vc_row][vc_column][vc_column_text]\n<h3>Fast Supply Intervention Vessels (FSIV)<\/h3>\n[\/vc_column_text][\/vc_column][\/vc_row][vc_row][vc_column width=\u00bb1\/4&#8243;][vc_gallery interval=\u00bb0&#8243; images=\u00bb1968,1966,1967&#8243; img_size=\u00bbfull\u00bb][\/vc_column][vc_column width=\u00bb3\/4&#8243;][vc_tta_tabs active_section=\u00bb1&#8243; title=\u00bbFast Crew Supplier DP-1 FiFi-1 waterspray (2 sisters)\u00bb][vc_tta_section title=\u00bbBrief description\u00bb tab_id=\u00bb1463653544306-d8573642-6ee8&#8243;][vc_column_text]2013, Sea Axe\u00a0bow mono hull, DP-1, FiFi-1 waterspray, l\u00a0x b x draft (m): 53.25\u00a0x 10.10\u00a0x 3.20, Speed: 22\u00a0knots, propulsion: 4\u00a0x 1,118\u00a0kW, fixed props. 50\u00a0pax + 12\u00a0crew. ME Gulf region. Price: <a href=\"mailto:info@vlmaritime.com\">Inquire<\/a>[\/vc_column_text][\/vc_tta_section][vc_tta_section title=\u00bbDetailed specifications\u00bb tab_id=\u00bb1463653544435-723e693f-c76d\u00bb][vc_column_text]\n<table>\n<tbody>\n<tr>\n<td width=\"302\"><strong>GENERAL<\/strong><\/td>\n<td width=\"302\"><\/td>\n<\/tr>\n<tr>\n<td width=\"302\">Built<\/td>\n<td width=\"302\">2013<\/td>\n<\/tr>\n<tr>\n<td width=\"302\">Hull<\/td>\n<td width=\"302\">Steel<\/td>\n<\/tr>\n<tr>\n<td width=\"302\">Superstructure<\/td>\n<td width=\"302\">Aluminum<\/td>\n<\/tr>\n<tr>\n<td width=\"302\">Class<\/td>\n<td width=\"302\">Bureau Veritas<\/td>\n<\/tr>\n<tr>\n<td style=\"width: 302px; vertical-align: top;\" width=\"302\">Notation<\/td>\n<td width=\"302\">I [x] Hull * Mach Special Service, Fast Utility Vessel, Sea Area 4, DYNAPOS AM. Fire Fighting Ship 1<\/td>\n<\/tr>\n<tr>\n<td width=\"302\">\u00a0 <strong>\u00a0 \u00a0 \u00a0 \u00a0 \u00a0 \u00a0<\/strong><\/td>\n<td width=\"302\"><\/td>\n<\/tr>\n<tr>\n<td width=\"302\"><strong>DIMENSIONS<\/strong><\/td>\n<td width=\"302\"><\/td>\n<\/tr>\n<tr>\n<td width=\"302\">Loa<\/td>\n<td width=\"302\">53.25 m<\/td>\n<\/tr>\n<tr>\n<td width=\"302\">Width<\/td>\n<td width=\"302\">10.10 m<\/td>\n<\/tr>\n<tr>\n<td width=\"302\">Depth<\/td>\n<td width=\"302\">4.70 m<\/td>\n<\/tr>\n<tr>\n<td width=\"302\">Draft<\/td>\n<td width=\"302\">3.20 m<\/td>\n<\/tr>\n<tr>\n<td width=\"302\">\u00a0 \u00a0 <strong>\u00a0 \u00a0 \u00a0 \u00a0 \u00a0 \u00a0\u00a0<\/strong><\/td>\n<td width=\"302\"><\/td>\n<\/tr>\n<tr>\n<td width=\"302\"><strong>CAPACITIES<\/strong><\/td>\n<td width=\"302\"><\/td>\n<\/tr>\n<tr>\n<td width=\"302\">Fuel Oil<\/td>\n<td width=\"302\">169.8 m3<\/td>\n<\/tr>\n<tr>\n<td width=\"302\">Fresh Water<\/td>\n<td width=\"302\">28.6 m3<\/td>\n<\/tr>\n<tr>\n<td width=\"302\">Fresh Water cargo<\/td>\n<td width=\"302\">173.1 m3<\/td>\n<\/tr>\n<tr>\n<td width=\"302\">Cargo Deck Area<\/td>\n<td width=\"302\">240 m2<\/td>\n<\/tr>\n<tr>\n<td width=\"302\">Max. Deck Load<\/td>\n<td width=\"302\">2.50 t\/m2<\/td>\n<\/tr>\n<tr>\n<td width=\"302\">Crew<\/td>\n<td width=\"302\">12<\/td>\n<\/tr>\n<tr>\n<td width=\"302\">Pax (ex-crew)<\/td>\n<td width=\"302\">50<\/td>\n<\/tr>\n<tr>\n<td width=\"302\"><strong>\u00a0 \u00a0 \u00a0 \u00a0 \u00a0 \u00a0 \u00a0 \u00a0 \u00a0\u00a0<\/strong><\/td>\n<td width=\"302\"><\/td>\n<\/tr>\n<tr>\n<td width=\"302\"><strong>PERFORMANCES<\/strong><\/td>\n<td width=\"302\"><\/td>\n<\/tr>\n<tr>\n<td width=\"302\">Speed<\/td>\n<td width=\"302\">22 knots<\/td>\n<\/tr>\n<tr>\n<td width=\"302\">\u00a0 <strong>\u00a0 \u00a0 \u00a0 \u00a0 \u00a0 \u00a0 \u00a0 \u00a0 \u00a0<\/strong><\/td>\n<td width=\"302\"><\/td>\n<\/tr>\n<tr>\n<td width=\"302\"><strong>PROPULSION SYSTEM<\/strong><\/td>\n<td width=\"302\"><\/td>\n<\/tr>\n<tr>\n<td width=\"302\">Main Engines<\/td>\n<td width=\"302\">4 x Cat 3512C TA<\/td>\n<\/tr>\n<tr>\n<td width=\"302\">Total Power<\/td>\n<td width=\"302\">4,472 kW (6,000 bhp) at 1600- 1800<\/td>\n<\/tr>\n<tr>\n<td width=\"302\">Gearboxes<\/td>\n<td width=\"302\">4 x Reintjes ZWVS 730\/1<\/td>\n<\/tr>\n<tr>\n<td width=\"302\">Propulsion<\/td>\n<td width=\"302\">4 x fixed pitch propellers<\/td>\n<\/tr>\n<tr>\n<td width=\"302\">Bow Thrusters<\/td>\n<td width=\"302\">2 x 85 kW, electrically driven<\/td>\n<\/tr>\n<tr>\n<td width=\"302\"><strong>\u00a0 \u00a0 \u00a0 \u00a0 \u00a0 \u00a0 \u00a0 \u00a0 \u00a0<\/strong><\/td>\n<td width=\"302\"><\/td>\n<\/tr>\n<tr>\n<td width=\"302\"><strong>ELECTRICAL EQUIPMENT<\/strong><\/td>\n<td width=\"302\"><\/td>\n<\/tr>\n<tr>\n<td width=\"302\">Network<\/td>\n<td width=\"302\">24V DC, 240\/415V 60 Hz AC<\/td>\n<\/tr>\n<tr>\n<td width=\"302\">Generator sets<\/td>\n<td width=\"302\">3 x Cat C4.4, 99 kW each<\/td>\n<\/tr>\n<tr>\n<td width=\"302\">\u00a0 \u00a0<strong> \u00a0 \u00a0 \u00a0 \u00a0 \u00a0 \u00a0 \u00a0<\/strong><\/td>\n<td width=\"302\"><\/td>\n<\/tr>\n<tr>\n<td width=\"302\"><strong>DECK LAY-OUT<\/strong><\/td>\n<td width=\"302\"><\/td>\n<\/tr>\n<tr>\n<td width=\"302\">Anchor Equipment<\/td>\n<td width=\"302\">1 x 184 kg HHP<\/td>\n<\/tr>\n<tr>\n<td style=\"width: 302px; vertical-align: top;\" width=\"302\">Fendering<\/td>\n<td width=\"302\">Aluminum fender on deck level, heavy duty rubber fender and tyre fenders<\/td>\n<\/tr>\n<tr>\n<td width=\"302\">\u00a0 <strong>\u00a0 \u00a0 \u00a0 \u00a0 \u00a0 \u00a0 \u00a0 \u00a0\u00a0<\/strong><\/td>\n<td width=\"302\"><\/td>\n<\/tr>\n<tr>\n<td width=\"302\"><strong>LIFE SAVING EQUIPMENT<\/strong><\/td>\n<td width=\"302\"><\/td>\n<\/tr>\n<tr>\n<td width=\"302\">Life Buoys<\/td>\n<td width=\"302\">4<\/td>\n<\/tr>\n<tr>\n<td width=\"302\">Life Jackets<\/td>\n<td width=\"302\">88<\/td>\n<\/tr>\n<tr>\n<td width=\"302\">Life Rafts<\/td>\n<td width=\"302\">4 x for min. 88 persons<\/td>\n<\/tr>\n<tr>\n<td style=\"width: 302px; vertical-align: top;\" width=\"302\">Fire Extinguishing<\/td>\n<td width=\"302\">Hand operated fire extinghuisers. Fixed FiFi system in ER (Novec 1230)<\/td>\n<\/tr>\n<tr>\n<td style=\"width: 302px; vertical-align: top;\" width=\"302\">Fast Rescue Boat<\/td>\n<td width=\"302\">Fast RSQ 700, speed 30+ knots in A-frame davit<\/td>\n<\/tr>\n<tr>\n<td width=\"302\">\u00a0<strong> \u00a0 \u00a0 \u00a0 \u00a0 \u00a0 \u00a0 \u00a0\u00a0<\/strong><\/td>\n<td width=\"302\"><\/td>\n<\/tr>\n<tr>\n<td width=\"302\"><strong>AUXILIARY EQUIPMENT<\/strong><\/td>\n<td width=\"302\"><\/td>\n<\/tr>\n<tr>\n<td width=\"302\">ER Ventilation<\/td>\n<td width=\"302\">72,000 m3\/hr<\/td>\n<\/tr>\n<tr>\n<td width=\"302\">General Service Pumps<\/td>\n<td width=\"302\">Electrically driven, 400 V Azcue CA 50<\/td>\n<\/tr>\n<tr>\n<td width=\"302\">Fuel Cargo Pump<\/td>\n<td width=\"302\">1 x 415 V 70 m3\/hr at 6.3 bar<\/td>\n<\/tr>\n<tr>\n<td width=\"302\">Fresh Water Cargo Pump<\/td>\n<td width=\"302\">1 x 415 V 70 m3\/hr at 6.3 bar<\/td>\n<\/tr>\n<tr>\n<td width=\"302\">\u00a0 <strong>\u00a0 \u00a0 \u00a0 \u00a0 \u00a0 \u00a0 \u00a0 \u00a0 \u00a0 \u00a0<\/strong><\/td>\n<td width=\"302\"><\/td>\n<\/tr>\n<tr>\n<td width=\"302\"><strong>ACCOMMODATION<\/strong><\/td>\n<td width=\"302\"><\/td>\n<\/tr>\n<tr>\n<td width=\"302\">Below Main Deck<\/td>\n<td width=\"302\">Crew cabins, pantry and messroom<\/td>\n<\/tr>\n<tr>\n<td width=\"302\">Main Deck<\/td>\n<td width=\"302\">50 seats, luggage storage and 2 toilets<\/td>\n<\/tr>\n<tr>\n<td width=\"302\">Air-Conditioning<\/td>\n<td width=\"302\">Yes, wheel house and accommodation<\/td>\n<\/tr>\n<tr>\n<td width=\"302\">\u00a0 <strong>\u00a0 \u00a0 \u00a0 \u00a0 \u00a0 \u00a0 \u00a0 \u00a0<\/strong><\/td>\n<td width=\"302\"><\/td>\n<\/tr>\n<tr>\n<td colspan=\"2\" width=\"604\"><strong>NAUTICAL, SURVEILLANCE AND COMMUNICATION<\/strong><\/td>\n<\/tr>\n<tr>\n<td width=\"302\">Searchlight<\/td>\n<td width=\"302\">2 x 1000 MP Pesch<\/td>\n<\/tr>\n<tr>\n<td width=\"302\">Echo Sounder<\/td>\n<td width=\"302\">Alphatron, Alphasounder<\/td>\n<\/tr>\n<tr>\n<td width=\"302\">Radar<\/td>\n<td width=\"302\">2 x JRC, JMA 5206<\/td>\n<\/tr>\n<tr>\n<td width=\"302\">AIS<\/td>\n<td width=\"302\"><\/td>\n<\/tr>\n<tr>\n<td width=\"302\">GPS \/ DGPS<\/td>\n<td width=\"302\">Veripos \/ JRC 7800<\/td>\n<\/tr>\n<tr>\n<td width=\"302\">Naxtex &amp; Airs<\/td>\n<td width=\"302\">JRC, NCR-333 &amp; JRC, JHS-182<\/td>\n<\/tr>\n<tr>\n<td width=\"302\">Internal Communication<\/td>\n<td width=\"302\">Intercom, loudhailer and CCTV system<\/td>\n<\/tr>\n<tr>\n<td width=\"302\">External Communication<\/td>\n<td width=\"302\">GMDSS A3<\/td>\n<\/tr>\n<tr>\n<td width=\"302\">Autopilot<\/td>\n<td width=\"302\">Alpha seapilot MFC<\/td>\n<\/tr>\n<tr>\n<td width=\"302\">Gyro Compass<\/td>\n<td width=\"302\">Alpha minicourse<\/td>\n<\/tr>\n<tr>\n<td width=\"302\">Dynamic Positioning<\/td>\n<td width=\"302\">Alphatron \/ Navis, (Dynapos AM)<\/td>\n<\/tr>\n<\/tbody>\n<\/table>\n[\/vc_column_text][\/vc_tta_section][\/vc_tta_tabs][\/vc_column][\/vc_row][vc_row][vc_column][vc_separator][\/vc_column][\/vc_row][vc_row][vc_column width=\u00bb1\/4&#8243;][vc_gallery interval=\u00bb0&#8243; images=\u00bb2253,2254&#8243; img_size=\u00bbfull\u00bb][\/vc_column][vc_column width=\u00bb3\/4&#8243;][vc_tta_tabs active_section=\u00bb1&#8243; title=\u00bbFast Crew Supplier (2 sisters)\u00bb][vc_tta_section title=\u00bbBrief description\u00bb tab_id=\u00bb1463653544306-d8573642-6ee8&#8243;][vc_column_text]2009, Sea Axe bow,\u00a0mono hull, waterspray, l\u00a0x b x draft (m): 36.00\u00a0x 7.35\u00a0x 3.00, Speed: 26\u00a0knots, propulsion: 3\u00a0x 1,040 kW, fixed props. 30\u00a0pax + 6\u00a0crew. Adriatic. For Charter only: <a href=\"mailto:info@vlmaritime.com\">Inquire<\/a>[\/vc_column_text][\/vc_tta_section][vc_tta_section title=\u00bbDetailed specifications\u00bb tab_id=\u00bb1463653544435-723e693f-c76d\u00bb][vc_column_text]\n<table width=\"504\">\n<tbody>\n<tr>\n<td colspan=\"2\" width=\"504\"><strong>GENERAL<\/strong><\/td>\n<\/tr>\n<tr>\n<td>Built<\/td>\n<td>2009<\/td>\n<\/tr>\n<tr>\n<td>Yard<\/td>\n<td>\u00abDamen\u00bb shipyard &#8211; Gorinchem<\/td>\n<\/tr>\n<tr>\n<td>Hull<\/td>\n<td>Aluminium<\/td>\n<\/tr>\n<tr>\n<td>Supperstructure<\/td>\n<td>Aluminium<\/td>\n<\/tr>\n<tr>\n<td>Class<\/td>\n<td>Bureau Veritas \/ CRS<\/td>\n<\/tr>\n<tr>\n<td style=\"vertical-align: top;\">Notation<\/td>\n<td width=\"352\">I\u00a0\u00a0+ HULL \u2022 MACH, Crew boat, Coastal area restricted open sea service (Hs &lt; 4 m) (100nm from shore)<\/td>\n<\/tr>\n<tr>\n<td>\u00a0 <strong>\u00a0 \u00a0 \u00a0 \u00a0 \u00a0 \u00a0\u00a0<\/strong><\/td>\n<td><\/td>\n<\/tr>\n<tr>\n<td colspan=\"2\"><strong>DIMENSIONS<\/strong><\/td>\n<\/tr>\n<tr>\n<td>Length over all<\/td>\n<td>35.95 m<\/td>\n<\/tr>\n<tr>\n<td>Width<\/td>\n<td>7.33 m<\/td>\n<\/tr>\n<tr>\n<td>Depth<\/td>\n<td>3.30 m<\/td>\n<\/tr>\n<tr>\n<td>Draft<\/td>\n<td>2.00 m<\/td>\n<\/tr>\n<tr>\n<td>GT<\/td>\n<td>168<\/td>\n<\/tr>\n<tr>\n<td>NT<\/td>\n<td>50<\/td>\n<\/tr>\n<tr>\n<td>\u00a0<strong> \u00a0 \u00a0 \u00a0 \u00a0 \u00a0 \u00a0 \u00a0\u00a0<\/strong><\/td>\n<td><\/td>\n<\/tr>\n<tr>\n<td colspan=\"2\"><strong>CAPACITIES<\/strong><\/td>\n<\/tr>\n<tr>\n<td>Fuel<\/td>\n<td>28.00 m<sup>3<\/sup><\/td>\n<\/tr>\n<tr>\n<td>Portable Water<\/td>\n<td>25.00 m<sup>3<\/sup><\/td>\n<\/tr>\n<tr>\n<td>Waste Water<\/td>\n<td>0.50 m<sup>3<\/sup><\/td>\n<\/tr>\n<tr>\n<td>Dirty Oil<\/td>\n<td>0.50 m<sup>3<\/sup><\/td>\n<\/tr>\n<tr>\n<td>Deck Tanks<\/td>\n<td>2 x 5.00 m<sup>3<\/sup><\/td>\n<\/tr>\n<tr>\n<td>Deck Space<\/td>\n<td>120.00 m<sup>2<\/sup><\/td>\n<\/tr>\n<tr>\n<td>Deck Strength<\/td>\n<td>1.4 t\/m<sup>2<\/sup><\/td>\n<\/tr>\n<tr>\n<td>\u00a0 <strong>\u00a0 \u00a0 \u00a0 \u00a0 \u00a0 \u00a0 \u00a0\u00a0<\/strong><\/td>\n<td><\/td>\n<\/tr>\n<tr>\n<td colspan=\"2\"><strong>PERFORMANCE<\/strong><\/td>\n<\/tr>\n<tr>\n<td>Max Speed (trials)<\/td>\n<td>28 knots<\/td>\n<\/tr>\n<tr>\n<td>Cruise Speed<\/td>\n<td>26 knots<\/td>\n<\/tr>\n<tr>\n<td>\u00a0 \u00a0 \u00a0 <strong>\u00a0 \u00a0 \u00a0 \u00a0 \u00a0 \u00a0 \u00a0\u00a0<\/strong><\/td>\n<td><\/td>\n<\/tr>\n<tr>\n<td colspan=\"2\"><strong>PROPULSION<\/strong><\/td>\n<\/tr>\n<tr>\n<td>Main Engines<\/td>\n<td>3 x Caterpillar x C32 C (WOSR)<\/td>\n<\/tr>\n<tr>\n<td>Total Power<\/td>\n<td>3.132 bkW @2100-2300rpm<\/td>\n<\/tr>\n<tr>\n<td>Gearbox<\/td>\n<td>3 x Reintjes WVS730<\/td>\n<\/tr>\n<tr>\n<td>Propellors<\/td>\n<td>3 x Fixed pitch propellers<\/td>\n<\/tr>\n<tr>\n<td>\u00a0 \u00a0<strong> \u00a0 \u00a0 \u00a0 \u00a0 \u00a0 \u00a0<\/strong><\/td>\n<td><\/td>\n<\/tr>\n<tr>\n<td colspan=\"2\"><strong>ELECTRICAL EQUIPMENT<\/strong><\/td>\n<\/tr>\n<tr>\n<td>Generators<\/td>\n<td>2 x 60 kW; 230V\/400V 50Hz<\/td>\n<\/tr>\n<tr>\n<td>\u00a0 \u00a0<strong> \u00a0 \u00a0 \u00a0 \u00a0 \u00a0<\/strong><\/td>\n<td><\/td>\n<\/tr>\n<tr>\n<td colspan=\"2\"><strong>DECK LAY-OUT<\/strong><\/td>\n<\/tr>\n<tr>\n<td>Anchor<\/td>\n<td>According to classification regulation<\/td>\n<\/tr>\n<tr>\n<td>Anchor Winch<\/td>\n<td>Electrically operated<\/td>\n<\/tr>\n<tr>\n<td>Crane<\/td>\n<td>1 x Effer 6000-1S (2t @ 5m)<\/td>\n<\/tr>\n<tr>\n<td>\u00a0 <strong>\u00a0 \u00a0 \u00a0 \u00a0 \u00a0 \u00a0 \u00a0 \u00a0<\/strong><\/td>\n<td><\/td>\n<\/tr>\n<tr>\n<td colspan=\"2\"><strong>LIFE SAVING EQUIPMENT<\/strong><\/td>\n<\/tr>\n<tr>\n<td>Life Buoys<\/td>\n<td>4<\/td>\n<\/tr>\n<tr>\n<td>Life Jackets<\/td>\n<td>40<\/td>\n<\/tr>\n<tr>\n<td>Life Rafts<\/td>\n<td>2 x RDF 25 persons<\/td>\n<\/tr>\n<tr>\n<td>Fireman&#8217;s Outfit<\/td>\n<td>2 x incl. 2 x fire axes<\/td>\n<\/tr>\n<tr>\n<td>Fast Rescue Craft<\/td>\n<td>4,70 m MOB with outboard motor 25 hp<\/td>\n<\/tr>\n<tr>\n<td>Fire-fighting (internal)<\/td>\n<td>Fixed gas flooding system Engine Room<\/td>\n<\/tr>\n<tr>\n<td><\/td>\n<td>Portable extinguishers according to class<\/td>\n<\/tr>\n<tr>\n<td>\u00a0 <strong>\u00a0 \u00a0 \u00a0 \u00a0 \u00a0 \u00a0 \u00a0\u00a0<\/strong><\/td>\n<td><\/td>\n<\/tr>\n<tr>\n<td colspan=\"2\"><strong>AUX. SYSTEMS<\/strong><\/td>\n<\/tr>\n<tr>\n<td>Fire-fighting (external)<\/td>\n<td>1 x monitor 6.000 ltr\/min<\/td>\n<\/tr>\n<tr>\n<td>Spray Booms<\/td>\n<td>82 litres seawater\/min<\/td>\n<\/tr>\n<tr>\n<td>Spray Shield on Deck<\/td>\n<td>Fitted around the hull at deck level<\/td>\n<\/tr>\n<tr>\n<td>Mech. Ventilation<\/td>\n<td>Axial flow fans<\/td>\n<\/tr>\n<tr>\n<td>Bow Thruster<\/td>\n<td>1 x 75 kW, Hydraulic<\/td>\n<\/tr>\n<tr>\n<td><strong>\u00a0 \u00a0 \u00a0 \u00a0 \u00a0 \u00a0 \u00a0\u00a0<\/strong><\/td>\n<td><\/td>\n<\/tr>\n<tr>\n<td colspan=\"2\"><strong>ACCOMMODATION<\/strong><\/td>\n<\/tr>\n<tr>\n<td>Cabins<\/td>\n<td>2 x 1 &amp; 2 x 2 persons<\/td>\n<\/tr>\n<tr>\n<td>Supernumararies seats<\/td>\n<td>30<\/td>\n<\/tr>\n<tr>\n<td>Air-conditioning<\/td>\n<td>wheelhouse and accommodation<\/td>\n<\/tr>\n<tr>\n<td>Crew<\/td>\n<td>6<\/td>\n<\/tr>\n<tr>\n<td>Supernumararies<\/td>\n<td>30<\/td>\n<\/tr>\n<tr>\n<td>\u00a0<strong> \u00a0 \u00a0 \u00a0 \u00a0 \u00a0 \u00a0 \u00a0\u00a0<\/strong><\/td>\n<td><\/td>\n<\/tr>\n<tr>\n<td colspan=\"2\"><strong>NAVIGATION &amp; COMMUNICATION<\/strong><\/td>\n<\/tr>\n<tr>\n<td>Searchlight<\/td>\n<td>2 x 500 Watt<\/td>\n<\/tr>\n<tr>\n<td>Radar<\/td>\n<td>2 x JRC JMA &#8211; 5106<\/td>\n<\/tr>\n<tr>\n<td>Magnetic Compass<\/td>\n<td>Ritchie HB 71<\/td>\n<\/tr>\n<tr>\n<td>Echo Sounder<\/td>\n<td>Raymarine ST 40<\/td>\n<\/tr>\n<tr>\n<td>GPS<\/td>\n<td>NWZ &#8211; 4570<\/td>\n<\/tr>\n<tr>\n<td>VHF<\/td>\n<td>Sailor 2048 \/ Sailor RT 5022<\/td>\n<\/tr>\n<tr>\n<td>HF \/ MF<\/td>\n<td>Sailor CU 5100<\/td>\n<\/tr>\n<tr>\n<td>PA<\/td>\n<td>Alphatron Marine<\/td>\n<\/tr>\n<tr>\n<td>SATCOM<\/td>\n<td>NERA FLEET 33<\/td>\n<\/tr>\n<tr>\n<td>NAVTEX<\/td>\n<td>JCR NCR &#8211; 333<\/td>\n<\/tr>\n<tr>\n<td>Autopilot<\/td>\n<td>NAUTOPILOT NP 60<\/td>\n<\/tr>\n<tr>\n<td>AIS<\/td>\n<td>JHS &#8211; 182<\/td>\n<\/tr>\n<\/tbody>\n<\/table>\n[\/vc_column_text][\/vc_tta_section][\/vc_tta_tabs][\/vc_column][\/vc_row][vc_row][vc_column][vc_separator][\/vc_column][\/vc_row][vc_row][vc_column width=\u00bb1\/4&#8243;][vc_gallery interval=\u00bb0&#8243; images=\u00bb430,431,432,433,434&#8243; img_size=\u00bbfull\u00bb][\/vc_column][vc_column width=\u00bb3\/4&#8243;][vc_column_text]<strong>Nuevos, Mono casco, propulsi\u00f3n por chorro de agua (2 x hermanas)<\/strong><\/p>\n<p>Construido en UE acuerdo con la especificaci\u00f3n de la industria en Alta Mar \/ Petr\u00f3leo: Eslora: 19.00 m, Manga: 5.10 m, Puntal: 0.95 m, Velocidad: 28 nudos a condici\u00f3n plena carga (desplazamiento 30t), Capacidad de carga: 4 toneladas, superficie de cubierta: 21m2 @ 500 kg \/ m2, Propulsi\u00f3n : 2 x 900 caballos , Hamilton, chorros. Distancia de navegaci\u00f3n: 300 mN, 25 equipo\u00a0+ 2 tripulaci\u00f3n o 30 equipo\u00a0+ 2 tripulaci\u00f3n. Precio: <a href=\"mailto:info@vlmaritime.com\">Consulta<\/a>[\/vc_column_text][\/vc_column][\/vc_row][vc_row][vc_column][vc_separator][\/vc_column][\/vc_row][vc_row][vc_column][vc_column_text]\n<h3>Barcos del Equipo<\/h3>\n[\/vc_column_text][\/vc_column][\/vc_row][vc_row][vc_column width=\u00bb1\/4&#8243;][vc_single_image image=\u00bb518&#8243; img_size=\u00bbfull\u00bb alignment=\u00bbcenter\u00bb][\/vc_column][vc_column width=\u00bb3\/4&#8243;][vc_column_text]<strong>Barcos del Equipo (3 x hermanas)<\/strong><\/p>\n<p>Construida 2008,\u00a0aluminio, Eslora:\u00a023.50 m, Manga: 6.00 m, Puntal: 1,70 m, clase BV, Propulsi\u00f3n convencional\u00a0con2 x h\u00e9lice fija, potencia 2 x 900 kW a 2,350 rpm, velocidad (eco \/ max): 25\/26 nudos, 30 equipo\u00a0+ 2 tripulaci\u00f3n, costera, superficie de cubierta:\u00a038m2, Trabajando\u00a0Golfo del Oriente Medio. Precio: <a href=\"mailto:info@vlmaritime.com\">Consulta<\/a>[\/vc_column_text][\/vc_column][\/vc_row][vc_row][vc_column][vc_separator][\/vc_column][\/vc_row][vc_row][vc_column][vc_column_text]\n<h3>RIBs &#8211; Embarcaci\u00f3nes\u00a0Neum\u00e1tica Semirr\u00edgida<\/h3>\n[\/vc_column_text][\/vc_column][\/vc_row][vc_row][vc_column width=\u00bb1\/4&#8243;][vc_single_image image=\u00bb429&#8243; img_size=\u00bbfull\u00bb alignment=\u00bbcenter\u00bb][\/vc_column][vc_column width=\u00bb3\/4&#8243;][vc_column_text]<strong>2 x hermanas<\/strong><\/p>\n<p>5 equipo + 1 conductor, 2 x motores interiores, Yanmar 315 CV cada uno, velocidad: 35-40 nudos. Precio:\u00a0<a href=\"mailto:info@vlmaritime.com\">Consulta<\/a>[\/vc_column_text][\/vc_column][\/vc_row][vc_row][vc_column][vc_separator][\/vc_column][\/vc_row][vc_row][vc_column][vc_column_text]Barcos del Equipo son vasos peque\u00f1os pero generalmente r\u00e1pidas releative especializados en el transporte de personal de apoyo mar adentro, la carga sobre cubierta, y en ocasiones por debajo de la cubierta de carga, tales como combustible y agua potable hacia y desde las instalaciones mar adentro, como las plataformas de petr\u00f3leo, equipos de perforaci\u00f3n, perforaci\u00f3n y barcos de buceo o parques e\u00f3licos. Crewboats utilizados para windfarming, su casco de aluminio, son hoy en d\u00eda propulsados por chorros de agua, no es infrecuente que en una configuraci\u00f3n de catamar\u00e1n. Estos Barcos del Equipo, impulsados por un tripulaci\u00f3n de dos persones, en ocasiones adentrarse decenas de millas de la costa, llevando a un m\u00e1ximo de 12 equipos\u00a0y unas cuantas toneladas de carga al m\u00e1ximo, en funcionamiento operaticiones\u00a0de un d\u00eda solamente.[\/vc_column_text][\/vc_column][\/vc_row]\n<\/div>","protected":false},"excerpt":{"rendered":"<p>[vc_row][vc_column][vc_column_text] Barcos del Equipo \/ Lanchas de Servicio en Venta [\/vc_column_text][\/vc_column][\/vc_row][vc_row][vc_column][vc_separator][\/vc_column][\/vc_row][vc_row][vc_column][vc_column_text] Fast Supply Intervention Vessels (FSIV) [\/vc_column_text][\/vc_column][\/vc_row][vc_row][vc_column width=\u00bb1\/4&#8243;][vc_gallery interval=\u00bb0&#8243; images=\u00bb1968,1966,1967&#8243; img_size=\u00bbfull\u00bb][\/vc_column][vc_column width=\u00bb3\/4&#8243;][vc_tta_tabs active_section=\u00bb1&#8243; title=\u00bbFast Crew Supplier<span class=\"excerpt-hellip\"> [\u2026]<\/span><\/p>\n","protected":false},"author":2,"featured_media":0,"parent":0,"menu_order":0,"comment_status":"closed","ping_status":"closed","template":"","meta":{"_monsterinsights_skip_tracking":false,"_monsterinsights_sitenote_active":false,"_monsterinsights_sitenote_note":"","_monsterinsights_sitenote_category":0,"footnotes":""},"class_list":["post-830","page","type-page","status-publish","hentry"],"yoast_head":"<!-- This site is optimized with the Yoast SEO plugin v26.9 - https:\/\/yoast.com\/product\/yoast-seo-wordpress\/ -->\n<title>Barcos del Equipo \/ Lanchas de Servicio - VL Maritime Services (Pty) Ltd<\/title>\n<meta name=\"description\" content=\"En Venta: Barcos del Equipo, para transferencia equipo,industria de viento y otro energ\u00eda renovable, actividades portuarias o aplicaci\u00f3n de seguridad\" \/>\n<meta name=\"robots\" content=\"index, follow, max-snippet:-1, max-image-preview:large, max-video-preview:-1\" \/>\n<link rel=\"canonical\" href=\"https:\/\/www.vlmaritime.com\/es\/barcos-del-equipo\/\" \/>\n<meta name=\"twitter:label1\" content=\"Tiempo de lectura\" \/>\n\t<meta name=\"twitter:data1\" content=\"6 minutos\" \/>\n<script type=\"application\/ld+json\" class=\"yoast-schema-graph\">{\"@context\":\"https:\/\/schema.org\",\"@graph\":[{\"@type\":\"WebPage\",\"@id\":\"https:\/\/www.vlmaritime.com\/es\/barcos-del-equipo\/\",\"url\":\"https:\/\/www.vlmaritime.com\/es\/barcos-del-equipo\/\",\"name\":\"Barcos del Equipo \/ Lanchas de Servicio - VL Maritime Services (Pty) Ltd\",\"isPartOf\":{\"@id\":\"https:\/\/www.vlmaritime.com\/#website\"},\"datePublished\":\"2016-04-22T11:30:10+00:00\",\"dateModified\":\"2016-06-10T08:24:40+00:00\",\"description\":\"En Venta: Barcos del Equipo, para transferencia equipo,industria de viento y otro energ\u00eda renovable, actividades portuarias o aplicaci\u00f3n de seguridad\",\"breadcrumb\":{\"@id\":\"https:\/\/www.vlmaritime.com\/es\/barcos-del-equipo\/#breadcrumb\"},\"inLanguage\":\"es\",\"potentialAction\":[{\"@type\":\"ReadAction\",\"target\":[\"https:\/\/www.vlmaritime.com\/es\/barcos-del-equipo\/\"]}]},{\"@type\":\"BreadcrumbList\",\"@id\":\"https:\/\/www.vlmaritime.com\/es\/barcos-del-equipo\/#breadcrumb\",\"itemListElement\":[{\"@type\":\"ListItem\",\"position\":1,\"name\":\"Home\",\"item\":\"https:\/\/www.vlmaritime.com\/es\/\"},{\"@type\":\"ListItem\",\"position\":2,\"name\":\"Barcos del Equipo \/ Lanchas de Servicio\"}]},{\"@type\":\"WebSite\",\"@id\":\"https:\/\/www.vlmaritime.com\/#website\",\"url\":\"https:\/\/www.vlmaritime.com\/\",\"name\":\"VL Maritime Services (Pty) Ltd\",\"description\":\"VLMS specialises in S&amp;P, Chartering, Dredge Component Purchase, Contract Support in all aspects in relation to vessels and floating structures in every form and application.\",\"potentialAction\":[{\"@type\":\"SearchAction\",\"target\":{\"@type\":\"EntryPoint\",\"urlTemplate\":\"https:\/\/www.vlmaritime.com\/?s={search_term_string}\"},\"query-input\":{\"@type\":\"PropertyValueSpecification\",\"valueRequired\":true,\"valueName\":\"search_term_string\"}}],\"inLanguage\":\"es\"}]}<\/script>\n<!-- \/ Yoast SEO plugin. -->","yoast_head_json":{"title":"Barcos del Equipo \/ Lanchas de Servicio - VL Maritime Services (Pty) Ltd","description":"En Venta: Barcos del Equipo, para transferencia equipo,industria de viento y otro energ\u00eda renovable, actividades portuarias o aplicaci\u00f3n de seguridad","robots":{"index":"index","follow":"follow","max-snippet":"max-snippet:-1","max-image-preview":"max-image-preview:large","max-video-preview":"max-video-preview:-1"},"canonical":"https:\/\/www.vlmaritime.com\/es\/barcos-del-equipo\/","twitter_misc":{"Tiempo de lectura":"6 minutos"},"schema":{"@context":"https:\/\/schema.org","@graph":[{"@type":"WebPage","@id":"https:\/\/www.vlmaritime.com\/es\/barcos-del-equipo\/","url":"https:\/\/www.vlmaritime.com\/es\/barcos-del-equipo\/","name":"Barcos del Equipo \/ Lanchas de Servicio - VL Maritime Services (Pty) Ltd","isPartOf":{"@id":"https:\/\/www.vlmaritime.com\/#website"},"datePublished":"2016-04-22T11:30:10+00:00","dateModified":"2016-06-10T08:24:40+00:00","description":"En Venta: Barcos del Equipo, para transferencia equipo,industria de viento y otro energ\u00eda renovable, actividades portuarias o aplicaci\u00f3n de seguridad","breadcrumb":{"@id":"https:\/\/www.vlmaritime.com\/es\/barcos-del-equipo\/#breadcrumb"},"inLanguage":"es","potentialAction":[{"@type":"ReadAction","target":["https:\/\/www.vlmaritime.com\/es\/barcos-del-equipo\/"]}]},{"@type":"BreadcrumbList","@id":"https:\/\/www.vlmaritime.com\/es\/barcos-del-equipo\/#breadcrumb","itemListElement":[{"@type":"ListItem","position":1,"name":"Home","item":"https:\/\/www.vlmaritime.com\/es\/"},{"@type":"ListItem","position":2,"name":"Barcos del Equipo \/ Lanchas de Servicio"}]},{"@type":"WebSite","@id":"https:\/\/www.vlmaritime.com\/#website","url":"https:\/\/www.vlmaritime.com\/","name":"VL Maritime Services (Pty) Ltd","description":"VLMS specialises in S&amp;P, Chartering, Dredge Component Purchase, Contract Support in all aspects in relation to vessels and floating structures in every form and application.","potentialAction":[{"@type":"SearchAction","target":{"@type":"EntryPoint","urlTemplate":"https:\/\/www.vlmaritime.com\/?s={search_term_string}"},"query-input":{"@type":"PropertyValueSpecification","valueRequired":true,"valueName":"search_term_string"}}],"inLanguage":"es"}]}},"_links":{"self":[{"href":"https:\/\/www.vlmaritime.com\/es\/wp-json\/wp\/v2\/pages\/830","targetHints":{"allow":["GET"]}}],"collection":[{"href":"https:\/\/www.vlmaritime.com\/es\/wp-json\/wp\/v2\/pages"}],"about":[{"href":"https:\/\/www.vlmaritime.com\/es\/wp-json\/wp\/v2\/types\/page"}],"author":[{"embeddable":true,"href":"https:\/\/www.vlmaritime.com\/es\/wp-json\/wp\/v2\/users\/2"}],"replies":[{"embeddable":true,"href":"https:\/\/www.vlmaritime.com\/es\/wp-json\/wp\/v2\/comments?post=830"}],"version-history":[{"count":1,"href":"https:\/\/www.vlmaritime.com\/es\/wp-json\/wp\/v2\/pages\/830\/revisions"}],"predecessor-version":[{"id":2030,"href":"https:\/\/www.vlmaritime.com\/es\/wp-json\/wp\/v2\/pages\/830\/revisions\/2030"}],"wp:attachment":[{"href":"https:\/\/www.vlmaritime.com\/es\/wp-json\/wp\/v2\/media?parent=830"}],"curies":[{"name":"wp","href":"https:\/\/api.w.org\/{rel}","templated":true}]}}