{"id":822,"date":"2016-04-26T15:40:34","date_gmt":"2016-04-26T13:40:34","guid":{"rendered":"https:\/\/www.vlmaritime.com\/es\/?page_id=822"},"modified":"2023-08-03T09:11:52","modified_gmt":"2023-08-03T07:11:52","slug":"usadas-dragas-en-venta","status":"publish","type":"page","link":"https:\/\/www.vlmaritime.com\/es\/usadas-dragas-en-venta\/","title":{"rendered":"Usadas Dragas en Venta y para Fletamento"},"content":{"rendered":"<div class=\"wpb-content-wrapper\">[vc_row][vc_column][vc_column_text]\n<h2>Dragas en Venta o para Fletamento<\/h2>\n[\/vc_column_text][\/vc_column][\/vc_row][vc_row][vc_column][vc_column_text]\n<h3><strong>Draga de Tolva para Fletamento<\/strong><\/h3>\n[\/vc_column_text][\/vc_column][\/vc_row][vc_row][vc_column][vc_separator][\/vc_column][\/vc_row][vc_row][vc_column][vc_separator][\/vc_column][\/vc_row][vc_row][vc_column][vc_separator][\/vc_column][\/vc_row][vc_row][vc_column][vc_separator][\/vc_column][\/vc_row][vc_row][vc_column][vc_column_text]\n<h3><strong>Draga de Tolva en Venta<\/strong><\/h3>\n[\/vc_column_text][\/vc_column][\/vc_row][vc_row][vc_column][vc_separator][\/vc_column][\/vc_row][vc_row][vc_column][vc_separator][\/vc_column][\/vc_row][vc_row][vc_column][vc_separator][\/vc_column][\/vc_row][vc_row][vc_column][vc_separator][\/vc_column][\/vc_row][vc_row][vc_column][vc_separator][\/vc_column][\/vc_row][vc_row][vc_column][vc_separator][\/vc_column][\/vc_row][vc_row][vc_column][vc_separator][\/vc_column][\/vc_row][vc_row][vc_column][vc_separator][\/vc_column][\/vc_row][vc_row][vc_column][vc_separator][\/vc_column][\/vc_row][vc_row][vc_column][vc_column_text]<strong>Informaci\u00f3n general<\/strong><\/p>\n<p>Dragas de Tolva son embarcaci\u00f3nes autopropulsables que carga material dragado en su tolva. El proceso de dragado de Dragas de Tolva consiste en un ciclo de carga (dragando), transporte (navegando) y la etapa de descarga. El dragado se lleva a cabo por medio de uno o dos tubos de succi\u00f3n, instalados a los costados del barco. El material se afloja y se succiona por medio de los cabezales de dragado, los cuales est\u00e1n ubicados al final del tubo de succi\u00f3n. Las bombas de dragado pueden estar integradas en los tubos de succi\u00f3n o en la misma embarcaci\u00f3n, estas bombas levantan la mezcla de suelo y agua hasta la tolva. Despu\u00e9s del dragado, Dragas de Tolva las bombas de dragado se detienen, se levantan los tubos de succi\u00f3n y cabezales de dragado hasta la cubierta y se empieza la navegaci\u00f3n hasta la zona de descarga, con una velocidad entre 5 y 15 nudos. Una vez en el \u00e1rea de descarga o zona de vertimiento, Dragas de Tolva descarga el material dragado que se encuentra en la tolva, esto puede ser de diferentes maneras, una seria la descarga por medio de las compuertas al fondo de la tolva, o tambi\u00e9n por sistema de bombeo; como son sistema de arco\u00edris, bombeando a tierra, bombeando a un pont\u00f3n o bombear a trav\u00e9s del mismo tubo de succi\u00f3n.[\/vc_column_text][\/vc_column][\/vc_row][vc_row][vc_column][vc_separator][\/vc_column][\/vc_row][vc_row][vc_column][vc_column_text]\n<h3><strong>Dragas de\u00a0Succi\u00f3n con\u00a0Cortador<\/strong><\/h3>\n[\/vc_column_text][\/vc_column][\/vc_row][vc_row][vc_column][vc_separator][\/vc_column][\/vc_row][vc_row][vc_column][vc_column_text]<strong>Informaci\u00f3n general<\/strong><\/p>\n<p>Dragas de Succi\u00f3n con\u00a0Cortador son\u00a0un equipo estacionario equipado con un cabezal cortador giratorio y bombas centr\u00edfugas. El proceso de dragado consiste en cortar la tierra bajo el aua con el cabezal y bombear la mezcla de tierra y agua. Para comenzar; la draga navegar\u00e1 o sera remolcada a punto de excavaci\u00f3n. La Draga de Succi\u00f3n con\u00a0Cortador colocar\u00e1 la pata principal en la tierra. Las anclas laterals se colocan fuera del corte de dragado mediante los batallones de ancla o con embarcaciones de apoyo, en este momento gira alrededor de la pata principal con la ayuda de sus cabrestantes laterales. El movimiento hacia adelante se consigue mediante el portador de la pata. Dependiendo del tama\u00f1o de la Draga de Succi\u00f3n con\u00a0Cortador puede cubrir cortes de 5 &#8211; 120 mts de ancho. La operaci\u00f3n consiste en cortar la tierra con el cabezal cortador y bombear la mezcla de agua y tierra mediantes equipo de succi\u00f3n y descarga.[\/vc_column_text][\/vc_column][\/vc_row][vc_row][vc_column][vc_separator][\/vc_column][\/vc_row][vc_row][vc_column][vc_column_text]\n<h3>Dragas de Agerre<\/h3>\n[\/vc_column_text][\/vc_column][\/vc_row][vc_row][vc_column][vc_separator][\/vc_column][\/vc_row]\n<\/div>","protected":false},"excerpt":{"rendered":"<p>[vc_row][vc_column][vc_column_text] Dragas en Venta o para Fletamento [\/vc_column_text][\/vc_column][\/vc_row][vc_row][vc_column][vc_column_text] Draga de Tolva para Fletamento [\/vc_column_text][\/vc_column][\/vc_row][vc_row][vc_column][vc_separator][\/vc_column][\/vc_row][vc_row][vc_column][vc_separator][\/vc_column][\/vc_row][vc_row][vc_column][vc_separator][\/vc_column][\/vc_row][vc_row][vc_column][vc_separator][\/vc_column][\/vc_row][vc_row][vc_column][vc_column_text] Draga de Tolva en Venta [\/vc_column_text][\/vc_column][\/vc_row][vc_row][vc_column][vc_separator][\/vc_column][\/vc_row][vc_row][vc_column][vc_separator][\/vc_column][\/vc_row][vc_row][vc_column][vc_separator][\/vc_column][\/vc_row][vc_row][vc_column][vc_separator][\/vc_column][\/vc_row][vc_row][vc_column][vc_separator][\/vc_column][\/vc_row][vc_row][vc_column][vc_separator][\/vc_column][\/vc_row][vc_row][vc_column][vc_separator][\/vc_column][\/vc_row][vc_row][vc_column][vc_separator][\/vc_column][\/vc_row][vc_row][vc_column][vc_separator][\/vc_column][\/vc_row][vc_row][vc_column][vc_column_text]Informaci\u00f3n general Dragas de Tolva son embarcaci\u00f3nes<span class=\"excerpt-hellip\"> [\u2026]<\/span><\/p>\n","protected":false},"author":2,"featured_media":0,"parent":0,"menu_order":0,"comment_status":"closed","ping_status":"closed","template":"","meta":{"_monsterinsights_skip_tracking":false,"_monsterinsights_sitenote_active":false,"_monsterinsights_sitenote_note":"","_monsterinsights_sitenote_category":0,"footnotes":""},"class_list":["post-822","page","type-page","status-publish","hentry"],"yoast_head":"<!-- This site is optimized with the Yoast SEO plugin v27.5 - https:\/\/yoast.com\/product\/yoast-seo-wordpress\/ -->\n<title>Usadas Dragas en Venta y para Fletamento - VL Maritime Services (Pty) Ltd<\/title>\n<meta name=\"description\" content=\"En Venta y para Fletamento: Dragas de Tolva, Dragas de Succi\u00f3n con Cortador, Dragas Excavadora, Dragas de Agerre y otros tipos de Dragas en Venta.\" \/>\n<meta name=\"robots\" content=\"index, follow, max-snippet:-1, max-image-preview:large, max-video-preview:-1\" \/>\n<link rel=\"canonical\" href=\"https:\/\/www.vlmaritime.com\/es\/usadas-dragas-en-venta\/\" \/>\n<meta name=\"twitter:label1\" content=\"Tiempo de lectura\" \/>\n\t<meta name=\"twitter:data1\" content=\"2 minutos\" \/>\n<script type=\"application\/ld+json\" class=\"yoast-schema-graph\">{\"@context\":\"https:\\\/\\\/schema.org\",\"@graph\":[{\"@type\":\"WebPage\",\"@id\":\"https:\\\/\\\/www.vlmaritime.com\\\/es\\\/usadas-dragas-en-venta\\\/\",\"url\":\"https:\\\/\\\/www.vlmaritime.com\\\/es\\\/usadas-dragas-en-venta\\\/\",\"name\":\"Usadas Dragas en Venta y para Fletamento - VL Maritime Services (Pty) Ltd\",\"isPartOf\":{\"@id\":\"https:\\\/\\\/www.vlmaritime.com\\\/#website\"},\"datePublished\":\"2016-04-26T13:40:34+00:00\",\"dateModified\":\"2023-08-03T07:11:52+00:00\",\"description\":\"En Venta y para Fletamento: Dragas de Tolva, Dragas de Succi\u00f3n con Cortador, Dragas Excavadora, Dragas de Agerre y otros tipos de Dragas en Venta.\",\"breadcrumb\":{\"@id\":\"https:\\\/\\\/www.vlmaritime.com\\\/es\\\/usadas-dragas-en-venta\\\/#breadcrumb\"},\"inLanguage\":\"es\",\"potentialAction\":[{\"@type\":\"ReadAction\",\"target\":[\"https:\\\/\\\/www.vlmaritime.com\\\/es\\\/usadas-dragas-en-venta\\\/\"]}]},{\"@type\":\"BreadcrumbList\",\"@id\":\"https:\\\/\\\/www.vlmaritime.com\\\/es\\\/usadas-dragas-en-venta\\\/#breadcrumb\",\"itemListElement\":[{\"@type\":\"ListItem\",\"position\":1,\"name\":\"Home\",\"item\":\"https:\\\/\\\/www.vlmaritime.com\\\/es\\\/\"},{\"@type\":\"ListItem\",\"position\":2,\"name\":\"Usadas Dragas en Venta y para Fletamento\"}]},{\"@type\":\"WebSite\",\"@id\":\"https:\\\/\\\/www.vlmaritime.com\\\/#website\",\"url\":\"https:\\\/\\\/www.vlmaritime.com\\\/\",\"name\":\"VL Maritime Services (Pty) Ltd\",\"description\":\"VLMS specialises in S&amp;P, Chartering, Dredge Component Purchase, Contract Support in all aspects in relation to vessels and floating structures in every form and application.\",\"potentialAction\":[{\"@type\":\"SearchAction\",\"target\":{\"@type\":\"EntryPoint\",\"urlTemplate\":\"https:\\\/\\\/www.vlmaritime.com\\\/?s={search_term_string}\"},\"query-input\":{\"@type\":\"PropertyValueSpecification\",\"valueRequired\":true,\"valueName\":\"search_term_string\"}}],\"inLanguage\":\"es\"}]}<\/script>\n<!-- \/ Yoast SEO plugin. -->","yoast_head_json":{"title":"Usadas Dragas en Venta y para Fletamento - VL Maritime Services (Pty) Ltd","description":"En Venta y para Fletamento: Dragas de Tolva, Dragas de Succi\u00f3n con Cortador, Dragas Excavadora, Dragas de Agerre y otros tipos de Dragas en Venta.","robots":{"index":"index","follow":"follow","max-snippet":"max-snippet:-1","max-image-preview":"max-image-preview:large","max-video-preview":"max-video-preview:-1"},"canonical":"https:\/\/www.vlmaritime.com\/es\/usadas-dragas-en-venta\/","twitter_misc":{"Tiempo de lectura":"2 minutos"},"schema":{"@context":"https:\/\/schema.org","@graph":[{"@type":"WebPage","@id":"https:\/\/www.vlmaritime.com\/es\/usadas-dragas-en-venta\/","url":"https:\/\/www.vlmaritime.com\/es\/usadas-dragas-en-venta\/","name":"Usadas Dragas en Venta y para Fletamento - VL Maritime Services (Pty) Ltd","isPartOf":{"@id":"https:\/\/www.vlmaritime.com\/#website"},"datePublished":"2016-04-26T13:40:34+00:00","dateModified":"2023-08-03T07:11:52+00:00","description":"En Venta y para Fletamento: Dragas de Tolva, Dragas de Succi\u00f3n con Cortador, Dragas Excavadora, Dragas de Agerre y otros tipos de Dragas en Venta.","breadcrumb":{"@id":"https:\/\/www.vlmaritime.com\/es\/usadas-dragas-en-venta\/#breadcrumb"},"inLanguage":"es","potentialAction":[{"@type":"ReadAction","target":["https:\/\/www.vlmaritime.com\/es\/usadas-dragas-en-venta\/"]}]},{"@type":"BreadcrumbList","@id":"https:\/\/www.vlmaritime.com\/es\/usadas-dragas-en-venta\/#breadcrumb","itemListElement":[{"@type":"ListItem","position":1,"name":"Home","item":"https:\/\/www.vlmaritime.com\/es\/"},{"@type":"ListItem","position":2,"name":"Usadas Dragas en Venta y para Fletamento"}]},{"@type":"WebSite","@id":"https:\/\/www.vlmaritime.com\/#website","url":"https:\/\/www.vlmaritime.com\/","name":"VL Maritime Services (Pty) Ltd","description":"VLMS specialises in S&amp;P, Chartering, Dredge Component Purchase, Contract Support in all aspects in relation to vessels and floating structures in every form and application.","potentialAction":[{"@type":"SearchAction","target":{"@type":"EntryPoint","urlTemplate":"https:\/\/www.vlmaritime.com\/?s={search_term_string}"},"query-input":{"@type":"PropertyValueSpecification","valueRequired":true,"valueName":"search_term_string"}}],"inLanguage":"es"}]}},"_links":{"self":[{"href":"https:\/\/www.vlmaritime.com\/es\/wp-json\/wp\/v2\/pages\/822","targetHints":{"allow":["GET"]}}],"collection":[{"href":"https:\/\/www.vlmaritime.com\/es\/wp-json\/wp\/v2\/pages"}],"about":[{"href":"https:\/\/www.vlmaritime.com\/es\/wp-json\/wp\/v2\/types\/page"}],"author":[{"embeddable":true,"href":"https:\/\/www.vlmaritime.com\/es\/wp-json\/wp\/v2\/users\/2"}],"replies":[{"embeddable":true,"href":"https:\/\/www.vlmaritime.com\/es\/wp-json\/wp\/v2\/comments?post=822"}],"version-history":[{"count":2,"href":"https:\/\/www.vlmaritime.com\/es\/wp-json\/wp\/v2\/pages\/822\/revisions"}],"predecessor-version":[{"id":12487,"href":"https:\/\/www.vlmaritime.com\/es\/wp-json\/wp\/v2\/pages\/822\/revisions\/12487"}],"wp:attachment":[{"href":"https:\/\/www.vlmaritime.com\/es\/wp-json\/wp\/v2\/media?parent=822"}],"curies":[{"name":"wp","href":"https:\/\/api.w.org\/{rel}","templated":true}]}}