{"id":817,"date":"2016-04-23T11:49:43","date_gmt":"2016-04-23T09:49:43","guid":{"rendered":"https:\/\/www.vlmaritime.com\/es\/?page_id=817"},"modified":"2016-06-09T14:17:26","modified_gmt":"2016-06-09T12:17:26","slug":"buques-en-venta","status":"publish","type":"page","link":"https:\/\/www.vlmaritime.com\/es\/buques-en-venta\/","title":{"rendered":"Buques en Venta y para Fletamento"},"content":{"rendered":"<div class=\"wpb-content-wrapper\">[vc_row][vc_column][vc_column_text]\n<h2>Buques en Venta<\/h2>\n<p>Estamos encantados de ofrecerle los siguientes buques para la venta.<\/p>\n<p>En cualquier caso, por favor, no dude en ponerse en contacto con nosotros para que podamos proporcionarle informaci\u00f3n m\u00e1s detallada o concertar una inspecci\u00f3n.[\/vc_column_text][\/vc_column][\/vc_row][vc_row][vc_column width=\u00bb1\/3&#8243;][vc_btn title=\u00bbDragas\u00bb color=\u00bbprimary\u00bb align=\u00bbcenter\u00bb button_block=\u00bbtrue\u00bb link=\u00bburl:%2Fes%2Fdragas-en-venta||\u00bb][vc_btn title=\u00bbRemolcadores Azimutal (ASD)\u00bb color=\u00bbprimary\u00bb align=\u00bbcenter\u00bb button_block=\u00bbtrue\u00bb link=\u00bburl:%2Fes%2Fremolcadores-azimutal-asd||\u00bb][vc_btn title=\u00bbBuques Alta Mar\u00bb color=\u00bbprimary\u00bb align=\u00bbcenter\u00bb button_block=\u00bbtrue\u00bb link=\u00bburl:%2Fes%2Fbuques-alta-mar||\u00bb][\/vc_column][vc_column width=\u00bb1\/3&#8243;][vc_btn title=\u00bbBarcos de Trabajo \/ Multicats\u00bb color=\u00bbprimary\u00bb align=\u00bbcenter\u00bb button_block=\u00bbtrue\u00bb link=\u00bburl:%2Fes%2Fbarcos-de-trabajo||\u00bb][vc_btn title=\u00bbBarcos del Equipo \/ Lanchas de Servicio\u00bb color=\u00bbprimary\u00bb align=\u00bbcenter\u00bb button_block=\u00bbtrue\u00bb link=\u00bburl:%2Fes%2Fbarcos-del-equipo||\u00bb][vc_btn title=\u00bbBarcazas de Tolva Partida, Chalanes y otro Barcazas\u00bb color=\u00bbprimary\u00bb align=\u00bbcenter\u00bb button_block=\u00bbtrue\u00bb link=\u00bburl:%2Fes%2Fbarcazas||\u00bb][\/vc_column][vc_column width=\u00bb1\/3&#8243;][vc_btn title=\u00bbotro Equipo Flotante\u00bb color=\u00bbprimary\u00bb align=\u00bbcenter\u00bb button_block=\u00bbtrue\u00bb][vc_btn title=\u00bbEquipo No-flotante \/ Utilizado en Tierra\u00bb color=\u00bbprimary\u00bb align=\u00bbcenter\u00bb button_block=\u00bbtrue\u00bb][vc_btn title=\u00bbComponentes de Dragado y Mar\u00edtimos\u00bb color=\u00bbprimary\u00bb align=\u00bbcenter\u00bb button_block=\u00bbtrue\u00bb link=\u00bburl:%2Fes%2Fcomponentes-de-dragado-y-maritimos||\u00bb][\/vc_column][\/vc_row][vc_row][vc_column][vc_separator border_width=\u00bb3&#8243;][\/vc_column][\/vc_row][vc_row][vc_column][vc_btn title=\u00bb&gt;&gt;&gt;&gt;&gt;&gt; Publique su Buque o Equipo AQUI &lt;&lt;&lt;&lt;&lt;&lt;\u00bb color=\u00bbprimary\u00bb align=\u00bbcenter\u00bb button_block=\u00bbtrue\u00bb link=\u00bburl:%2Fes%2Fpublique-su-buque||\u00bb][vc_column_text]\n<p style=\"text-align: center;\"><strong>Es muy sencillo y f\u00e1cil y de forma gratuita. S\u00f3lo se nos paga cuando introducimos un cliente<\/strong><\/p>\n[\/vc_column_text][\/vc_column][\/vc_row][vc_row][vc_column][vc_separator border_width=\u00bb3&#8243;][\/vc_column][\/vc_row][vc_row][vc_column][vc_column_text]Como agentes mar\u00edtimos y est\u00e1 sujeta disponibilidad \/ no vendidos o retirados sin previo aviso<\/p>\n<p>Detalles disponibles bajo petici\u00f3n, en contra de los compradores con nombre<\/p>\n<p>Buques y Equipo en Venta se ofrecen sobre una base como-es-donde-es (as-is-where-is) y los compradores potenciales siempre debe verificar los detalles de un Buque\u00a0o Equipo por medio de una inspecci\u00f3n antes de entrar en cualquier tipo de compromiso.<\/p>\n<p>Por favor, no circular sin nuestro permiso<\/p>\n<p>Sus consultas ser\u00e1n tratados confidentional[\/vc_column_text][\/vc_column][\/vc_row][vc_row][vc_column][vc_column_text]\n<h3>Qu\u00e9 puedes esperar de nosotros.<\/h3>\n<p>Como agentes mar\u00edtimos, que median entre dos partes, por lo general los compradores y vendedores, o de otra manera los propietarios y fletadores. Actuamos en nombre de nuestros clientes (a veces exclusivamente) y, ocasionalmente, otro corredor representa el otro lado.<\/p>\n<p>Podemos estar involucrados en todas las etapas de la publicidad y la comercializaci\u00f3n activa de los buques o equipos, negociar un contrato de venta o compra o un contrato de fletamento en nombre de nuestros clientes, preparaci\u00f3n de documentos y documentaci\u00f3n, siendo un enlace para nuestros clientes, por ejemplo, hacia una notario p\u00fablico, asistiendo a las reuniones de cierre e inspecciones e incluso puede ayudar en el registro (provisional) de un vaso. Todo ello con el objetivo de hacer que todo el proceso se ejecute de la mejor manera posible y el objetivo de llegar a un acuerdo con \u00e9xito.<\/p>\n<p>En una venta, nuestra participaci\u00f3n no termina necesariamente con el recipiente \/ equipo \u00e9xito de ser entregados a sus nuevos propietarios. En una carta, nos quedamos involucrados hasta que la encuesta fuera de alquiler se ha completado y el buque est\u00e1 entregado de nuevo a sus propietarios.<\/p>\n<p>El transporte mar\u00edtimo es un mercado verdaderamente internacional y compleja y con un lenguaje diferente, diferencias de tiempo y la legislaci\u00f3n aplicable. Los buques son activos caros, por lo que la decisi\u00f3n de compra, venta o carta requiere un conocimiento profundo de las implicaciones de costos, riesgos, responsabilidad y una comprensi\u00f3n de estos mecanismos. La confianza, la confianza y la confidencialidad es de suma importancia para ellos.<\/p>\n<p>Nos ganamos el dinero a trav\u00e9s de comisiones pagadas en el accesorio de buques en la carta o la conclusi\u00f3n de un recipiente de venta mediante la adici\u00f3n de valor, la comprensi\u00f3n y la supervisi\u00f3n del proceso y poner este conocimiento al servicio de nuestros clientes.[\/vc_column_text][\/vc_column][\/vc_row]\n<\/div>","protected":false},"excerpt":{"rendered":"<p>[vc_row][vc_column][vc_column_text] Buques en Venta Estamos encantados de ofrecerle los siguientes buques para la venta. En cualquier caso, por favor, no dude en ponerse en contacto con<span class=\"excerpt-hellip\"> [\u2026]<\/span><\/p>\n","protected":false},"author":2,"featured_media":0,"parent":0,"menu_order":0,"comment_status":"closed","ping_status":"closed","template":"","meta":{"_monsterinsights_skip_tracking":false,"_monsterinsights_sitenote_active":false,"_monsterinsights_sitenote_note":"","_monsterinsights_sitenote_category":0,"footnotes":""},"class_list":["post-817","page","type-page","status-publish","hentry"],"yoast_head":"<!-- This site is optimized with the Yoast SEO plugin v27.5 - https:\/\/yoast.com\/product\/yoast-seo-wordpress\/ -->\n<title>Buques en Venta y para Fletamento - VL Maritime Services (Pty) Ltd<\/title>\n<meta name=\"description\" content=\"Buques en Venta: Dragas de succi\u00f3n, Buques en Alta Mmar, Remolcadores ASD, Barcos de Trabajo, barcos de tripulaci\u00f3n, Equipo flotante y no flotante\" \/>\n<meta name=\"robots\" content=\"index, follow, max-snippet:-1, max-image-preview:large, max-video-preview:-1\" \/>\n<link rel=\"canonical\" href=\"https:\/\/www.vlmaritime.com\/es\/buques-en-venta\/\" \/>\n<meta name=\"twitter:label1\" content=\"Tiempo de lectura\" \/>\n\t<meta name=\"twitter:data1\" content=\"4 minutos\" \/>\n<script type=\"application\/ld+json\" class=\"yoast-schema-graph\">{\"@context\":\"https:\\\/\\\/schema.org\",\"@graph\":[{\"@type\":\"WebPage\",\"@id\":\"https:\\\/\\\/www.vlmaritime.com\\\/es\\\/buques-en-venta\\\/\",\"url\":\"https:\\\/\\\/www.vlmaritime.com\\\/es\\\/buques-en-venta\\\/\",\"name\":\"Buques en Venta y para Fletamento - VL Maritime Services (Pty) Ltd\",\"isPartOf\":{\"@id\":\"https:\\\/\\\/www.vlmaritime.com\\\/#website\"},\"datePublished\":\"2016-04-23T09:49:43+00:00\",\"dateModified\":\"2016-06-09T12:17:26+00:00\",\"description\":\"Buques en Venta: Dragas de succi\u00f3n, Buques en Alta Mmar, Remolcadores ASD, Barcos de Trabajo, barcos de tripulaci\u00f3n, Equipo flotante y no flotante\",\"breadcrumb\":{\"@id\":\"https:\\\/\\\/www.vlmaritime.com\\\/es\\\/buques-en-venta\\\/#breadcrumb\"},\"inLanguage\":\"es\",\"potentialAction\":[{\"@type\":\"ReadAction\",\"target\":[\"https:\\\/\\\/www.vlmaritime.com\\\/es\\\/buques-en-venta\\\/\"]}]},{\"@type\":\"BreadcrumbList\",\"@id\":\"https:\\\/\\\/www.vlmaritime.com\\\/es\\\/buques-en-venta\\\/#breadcrumb\",\"itemListElement\":[{\"@type\":\"ListItem\",\"position\":1,\"name\":\"Home\",\"item\":\"https:\\\/\\\/www.vlmaritime.com\\\/es\\\/\"},{\"@type\":\"ListItem\",\"position\":2,\"name\":\"Buques en Venta y para Fletamento\"}]},{\"@type\":\"WebSite\",\"@id\":\"https:\\\/\\\/www.vlmaritime.com\\\/#website\",\"url\":\"https:\\\/\\\/www.vlmaritime.com\\\/\",\"name\":\"VL Maritime Services (Pty) Ltd\",\"description\":\"VLMS specialises in S&amp;P, Chartering, Dredge Component Purchase, Contract Support in all aspects in relation to vessels and floating structures in every form and application.\",\"potentialAction\":[{\"@type\":\"SearchAction\",\"target\":{\"@type\":\"EntryPoint\",\"urlTemplate\":\"https:\\\/\\\/www.vlmaritime.com\\\/?s={search_term_string}\"},\"query-input\":{\"@type\":\"PropertyValueSpecification\",\"valueRequired\":true,\"valueName\":\"search_term_string\"}}],\"inLanguage\":\"es\"}]}<\/script>\n<!-- \/ Yoast SEO plugin. -->","yoast_head_json":{"title":"Buques en Venta y para Fletamento - VL Maritime Services (Pty) Ltd","description":"Buques en Venta: Dragas de succi\u00f3n, Buques en Alta Mmar, Remolcadores ASD, Barcos de Trabajo, barcos de tripulaci\u00f3n, Equipo flotante y no flotante","robots":{"index":"index","follow":"follow","max-snippet":"max-snippet:-1","max-image-preview":"max-image-preview:large","max-video-preview":"max-video-preview:-1"},"canonical":"https:\/\/www.vlmaritime.com\/es\/buques-en-venta\/","twitter_misc":{"Tiempo de lectura":"4 minutos"},"schema":{"@context":"https:\/\/schema.org","@graph":[{"@type":"WebPage","@id":"https:\/\/www.vlmaritime.com\/es\/buques-en-venta\/","url":"https:\/\/www.vlmaritime.com\/es\/buques-en-venta\/","name":"Buques en Venta y para Fletamento - VL Maritime Services (Pty) Ltd","isPartOf":{"@id":"https:\/\/www.vlmaritime.com\/#website"},"datePublished":"2016-04-23T09:49:43+00:00","dateModified":"2016-06-09T12:17:26+00:00","description":"Buques en Venta: Dragas de succi\u00f3n, Buques en Alta Mmar, Remolcadores ASD, Barcos de Trabajo, barcos de tripulaci\u00f3n, Equipo flotante y no flotante","breadcrumb":{"@id":"https:\/\/www.vlmaritime.com\/es\/buques-en-venta\/#breadcrumb"},"inLanguage":"es","potentialAction":[{"@type":"ReadAction","target":["https:\/\/www.vlmaritime.com\/es\/buques-en-venta\/"]}]},{"@type":"BreadcrumbList","@id":"https:\/\/www.vlmaritime.com\/es\/buques-en-venta\/#breadcrumb","itemListElement":[{"@type":"ListItem","position":1,"name":"Home","item":"https:\/\/www.vlmaritime.com\/es\/"},{"@type":"ListItem","position":2,"name":"Buques en Venta y para Fletamento"}]},{"@type":"WebSite","@id":"https:\/\/www.vlmaritime.com\/#website","url":"https:\/\/www.vlmaritime.com\/","name":"VL Maritime Services (Pty) Ltd","description":"VLMS specialises in S&amp;P, Chartering, Dredge Component Purchase, Contract Support in all aspects in relation to vessels and floating structures in every form and application.","potentialAction":[{"@type":"SearchAction","target":{"@type":"EntryPoint","urlTemplate":"https:\/\/www.vlmaritime.com\/?s={search_term_string}"},"query-input":{"@type":"PropertyValueSpecification","valueRequired":true,"valueName":"search_term_string"}}],"inLanguage":"es"}]}},"_links":{"self":[{"href":"https:\/\/www.vlmaritime.com\/es\/wp-json\/wp\/v2\/pages\/817","targetHints":{"allow":["GET"]}}],"collection":[{"href":"https:\/\/www.vlmaritime.com\/es\/wp-json\/wp\/v2\/pages"}],"about":[{"href":"https:\/\/www.vlmaritime.com\/es\/wp-json\/wp\/v2\/types\/page"}],"author":[{"embeddable":true,"href":"https:\/\/www.vlmaritime.com\/es\/wp-json\/wp\/v2\/users\/2"}],"replies":[{"embeddable":true,"href":"https:\/\/www.vlmaritime.com\/es\/wp-json\/wp\/v2\/comments?post=817"}],"version-history":[{"count":0,"href":"https:\/\/www.vlmaritime.com\/es\/wp-json\/wp\/v2\/pages\/817\/revisions"}],"wp:attachment":[{"href":"https:\/\/www.vlmaritime.com\/es\/wp-json\/wp\/v2\/media?parent=817"}],"curies":[{"name":"wp","href":"https:\/\/api.w.org\/{rel}","templated":true}]}}