{"id":2874,"date":"2016-06-21T09:24:40","date_gmt":"2016-06-21T07:24:40","guid":{"rendered":"https:\/\/www.vlmaritime.com\/es\/?page_id=2874"},"modified":"2016-08-18T13:34:43","modified_gmt":"2016-08-18T11:34:43","slug":"chalanes","status":"publish","type":"page","link":"https:\/\/www.vlmaritime.com\/es\/chalanes\/","title":{"rendered":"Barcazas de Tolva Partida y Chalanes"},"content":{"rendered":"<div class=\"wpb-content-wrapper\">[vc_row][vc_column][vc_column_text]\n<h2>Barcazas de Tolva Partida\u00a0y\u00a0Chalanes en Venta o para Fletamento<\/h2>\n[\/vc_column_text][\/vc_column][\/vc_row][vc_row][vc_column][vc_separator][\/vc_column][\/vc_row][vc_row][vc_column width=\u00bb1\/4&#8243;][vc_gallery interval=\u00bb0&#8243; images=\u00bb2480,2481&#8243; img_size=\u00bbfull\u00bb][\/vc_column][vc_column width=\u00bb3\/4&#8243;][vc_tta_tabs active_section=\u00bb1&#8243; title=\u00bb750 m3 Barcazas Autopropulsado (2 hermanas)\u00bb][vc_tta_section title=\u00bbBreve descripci\u00f3n \u00bb tab_id=\u00bb1464010405489-2392df46-65f6&#8243;][vc_column_text]Solo para Fletamento. Localizaci\u00f3n: Med. Pronto. Condiciones:\u00a0<a href=\"mailto:info@vlmaritime.com\">Consulta<\/a>[\/vc_column_text][\/vc_tta_section][vc_tta_section title=\u00bbEspecificaci\u00f3n detallada\u00bb tab_id=\u00bb1464010405625-48f12863-9823&#8243;][vc_column_text]Por favor,\u00a0<a href=\"mailto:info@vlmaritime.com\">consulta<\/a>\u00a0para m\u00e1s detalles[\/vc_column_text][\/vc_tta_section][\/vc_tta_tabs][\/vc_column][\/vc_row][vc_row][vc_column][vc_separator][\/vc_column][\/vc_row][vc_row][vc_column width=\u00bb1\/4&#8243;][vc_gallery interval=\u00bb0&#8243; images=\u00bb2478,2479,2477&#8243; img_size=\u00bbfull\u00bb][\/vc_column][vc_column width=\u00bb3\/4&#8243;][vc_tta_tabs active_section=\u00bb1&#8243; title=\u00bb660 m3 Barcazas Autopropulsado (2 hermanas)\u00bb][vc_tta_section title=\u00bbBreve descripci\u00f3n \u00bb tab_id=\u00bb1464000446029-e226cf2a-c6d0&#8243;][vc_column_text]Location: Med, For Charter only. Conditions: <a href=\"mailto:info@vlmaritime.com\">Inquire<\/a>[\/vc_column_text][\/vc_tta_section][vc_tta_section title=\u00bbEspecificaci\u00f3n detallada\u00bb tab_id=\u00bb1464000446172-42392aaf-2466&#8243;][vc_column_text]\n<table>\n<tbody>\n<tr>\n<td width=\"132\"><strong>General<\/strong><\/td>\n<td width=\"126\"><\/td>\n<\/tr>\n<tr>\n<td width=\"132\">Length Overall<\/td>\n<td width=\"126\">57,88 m<\/td>\n<\/tr>\n<tr>\n<td width=\"132\">Breadth<\/td>\n<td width=\"126\">9,50 m<\/td>\n<\/tr>\n<tr>\n<td width=\"132\">Hopper volume<\/td>\n<td width=\"126\">660 m\u00b3<\/td>\n<\/tr>\n<tr>\n<td width=\"132\">Propulsion<\/td>\n<td width=\"126\">2 X 260 hp<\/td>\n<\/tr>\n<\/tbody>\n<\/table>\n[\/vc_column_text][\/vc_tta_section][\/vc_tta_tabs][\/vc_column][\/vc_row][vc_row][vc_column][vc_separator][\/vc_column][\/vc_row][vc_row][vc_column width=\u00bb1\/4&#8243;][vc_gallery interval=\u00bb0&#8243; images=\u00bb2471,2469,2468&#8243; img_size=\u00bbfull\u00bb][\/vc_column][vc_column width=\u00bb3\/4&#8243;][vc_tta_tabs active_section=\u00bb1&#8243; title=\u00bb1.200 m3 Barcazas Autopropulsado (2 hermanas)\u00bb][vc_tta_section title=\u00bbBreve descripci\u00f3n \u00bb tab_id=\u00bb1467877820471-e0d50ce0-3a50&#8243;][vc_column_text]Location: South America, For Charter only. Conditions: <a href=\"mailto:info@vlmaritime.com\">Inquire<\/a>[\/vc_column_text][\/vc_tta_section][vc_tta_section title=\u00bbEspecificaci\u00f3n detallada\u00bb tab_id=\u00bb1467877820751-0db394f6-2998&#8243;][vc_column_text]\n<table>\n<tbody>\n<tr>\n<td width=\"132\"><strong>GENERAL<\/strong><\/td>\n<td width=\"258\"><\/td>\n<\/tr>\n<tr>\n<td width=\"132\">Built<\/td>\n<td width=\"258\">2005<\/td>\n<\/tr>\n<tr>\n<td width=\"132\"><\/td>\n<td width=\"258\"><\/td>\n<\/tr>\n<tr>\n<td width=\"132\"><strong>DIMENSIONS<\/strong><\/td>\n<td width=\"258\"><\/td>\n<\/tr>\n<tr>\n<td width=\"132\">Length over all<\/td>\n<td width=\"258\">65,50 m<\/td>\n<\/tr>\n<tr>\n<td width=\"132\">Width<\/td>\n<td width=\"258\">13,80 m<\/td>\n<\/tr>\n<tr>\n<td width=\"132\">Depth<\/td>\n<td width=\"258\">4,80 m<\/td>\n<\/tr>\n<tr>\n<td width=\"132\">Draft<\/td>\n<td width=\"258\">3,90 m<\/td>\n<\/tr>\n<tr>\n<td width=\"132\"><\/td>\n<td width=\"258\"><\/td>\n<\/tr>\n<tr>\n<td width=\"132\"><strong>CAPACITIES<\/strong><\/td>\n<td width=\"258\"><\/td>\n<\/tr>\n<tr>\n<td width=\"132\">Hopper volume<\/td>\n<td width=\"258\">1.200 m<sup>3<\/sup><\/td>\n<\/tr>\n<tr>\n<td width=\"132\">Deadweight<\/td>\n<td width=\"258\">1.875 tons<\/td>\n<\/tr>\n<tr>\n<td width=\"132\">GT<\/td>\n<td width=\"258\">1.214<\/td>\n<\/tr>\n<tr>\n<td width=\"132\">Fuel oil<\/td>\n<td width=\"258\">40 m<sup>3<\/sup><\/td>\n<\/tr>\n<tr>\n<td width=\"132\"><\/td>\n<td width=\"258\"><\/td>\n<\/tr>\n<tr>\n<td width=\"132\"><strong>PROPULSION<\/strong><\/td>\n<td width=\"258\"><\/td>\n<\/tr>\n<tr>\n<td width=\"132\">Main engines<\/td>\n<td width=\"258\">2 x Cummins, 500 hp each<\/td>\n<\/tr>\n<tr>\n<td width=\"132\">Props<\/td>\n<td width=\"258\">Conventional, fixed pitch<\/td>\n<\/tr>\n<tr>\n<td width=\"132\">Speed (empty)<\/td>\n<td width=\"258\">12.4 knots<\/td>\n<\/tr>\n<tr>\n<td width=\"132\"><\/td>\n<td width=\"258\"><\/td>\n<\/tr>\n<\/tbody>\n<\/table>\n[\/vc_column_text][\/vc_tta_section][\/vc_tta_tabs][\/vc_column][\/vc_row][vc_row][vc_column][vc_separator][\/vc_column][\/vc_row][vc_row][vc_column width=\u00bb1\/4&#8243;][vc_gallery interval=\u00bb0&#8243; images=\u00bb2614&#8243; img_size=\u00bbfull\u00bb][\/vc_column][vc_column width=\u00bb3\/4&#8243;][vc_tta_tabs active_section=\u00bb1&#8243; title=\u00bb660 m3 Barcazas No propuls\u00f3 (2 hermanas)\u00bb][vc_tta_section title=\u00bbBreve descripci\u00f3n \u00bb tab_id=\u00bb1469452857787-51720793-10a4&#8243;][vc_column_text]Class: expired. Location: Black Sea.\u00a0Price: <a href=\"mailto:info@vlmaritime.com\">Inquire<\/a>[\/vc_column_text][\/vc_tta_section][vc_tta_section title=\u00bbEspecificaci\u00f3n detallada\u00bb tab_id=\u00bb1469452858493-daf179b6-ab04&#8243;][vc_column_text]\n<table>\n<tbody>\n<tr>\n<td width=\"132\"><strong>GENERAL<\/strong><\/td>\n<td width=\"258\"><\/td>\n<\/tr>\n<tr>\n<td width=\"132\">Built<\/td>\n<td width=\"258\">1977<\/td>\n<\/tr>\n<tr>\n<td width=\"132\">\u00a0 \u00a0<strong> \u00a0 \u00a0 \u00a0 \u00a0\u00a0<\/strong><\/td>\n<td width=\"258\"><\/td>\n<\/tr>\n<tr>\n<td width=\"132\"><strong>DIMENSIONS<\/strong><\/td>\n<td width=\"258\"><\/td>\n<\/tr>\n<tr>\n<td width=\"132\">Length over all<\/td>\n<td width=\"258\">60,00 m<\/td>\n<\/tr>\n<tr>\n<td width=\"132\">Width<\/td>\n<td width=\"258\">9,50 m<\/td>\n<\/tr>\n<tr>\n<td width=\"132\">Depth<\/td>\n<td width=\"258\">3,40 m<\/td>\n<\/tr>\n<tr>\n<td width=\"132\">\u00a0 <strong>\u00a0 \u00a0 \u00a0 \u00a0 \u00a0<\/strong><\/td>\n<td width=\"258\"><\/td>\n<\/tr>\n<tr>\n<td width=\"132\"><strong>CAPACITIES<\/strong><\/td>\n<td width=\"258\"><\/td>\n<\/tr>\n<tr>\n<td width=\"132\">Hopper volume<\/td>\n<td width=\"258\">660 m<sup>3<\/sup><\/td>\n<\/tr>\n<tr>\n<td width=\"132\">\u00a0 <strong>\u00a0 \u00a0 \u00a0 \u00a0 \u00a0<\/strong><\/td>\n<td width=\"258\"><\/td>\n<\/tr>\n<tr>\n<td width=\"132\"><\/td>\n<td width=\"258\"><\/td>\n<\/tr>\n<\/tbody>\n<\/table>\n[\/vc_column_text][\/vc_tta_section][\/vc_tta_tabs][\/vc_column][\/vc_row][vc_row][vc_column][vc_separator][\/vc_column][\/vc_row][vc_row][vc_column width=\u00bb1\/4&#8243;][vc_gallery interval=\u00bb0&#8243; images=\u00bb2826,2823,2824,2825,2822&#8243; img_size=\u00bbfull\u00bb][\/vc_column][vc_column width=\u00bb3\/4&#8243;][vc_tta_tabs active_section=\u00bb1&#8243; title=\u00bb500 m3 Barcazas Autopropulsado (2 hermanas)\u00bb][vc_tta_section title=\u00bbBreve descripci\u00f3n \u00bb tab_id=\u00bb1470206332190-92316041-d277&#8243;][vc_column_text]En-bloc sale only. According to owners the vessels require about EUR 150.000 each to re-instate class. Location: Australasia.\u00a0Price: <a href=\"mailto:info@vlmaritime.com\">Inquire<\/a>[\/vc_column_text][\/vc_tta_section][vc_tta_section title=\u00bbEspecificaci\u00f3n detallada\u00bb tab_id=\u00bb1470206332645-42149ea5-7874&#8243;][vc_column_text]\n<table style=\"height: 300px;\" width=\"484\">\n<tbody>\n<tr>\n<td width=\"144\">Built<\/td>\n<td width=\"264\">1978, IHC design<\/td>\n<\/tr>\n<tr>\n<td width=\"144\">Class<\/td>\n<td width=\"264\">AMSA &#8211;<\/td>\n<\/tr>\n<tr>\n<td style=\"width: 144px; vertical-align: top;\" width=\"144\">Built under<\/td>\n<td style=\"width: 264px; vertical-align: top;\" width=\"264\">Lloyds Class 2C 100 A1 Hopper Barge<\/td>\n<\/tr>\n<tr>\n<td width=\"144\"><\/td>\n<td width=\"264\">for extended protected water service<\/td>\n<\/tr>\n<tr>\n<td width=\"144\">Length<\/td>\n<td width=\"264\">50.00 m<\/td>\n<\/tr>\n<tr>\n<td width=\"144\">Width<\/td>\n<td width=\"264\">9.50 m<\/td>\n<\/tr>\n<tr>\n<td width=\"144\">Draft loaded<\/td>\n<td width=\"264\">3.40 m<\/td>\n<\/tr>\n<tr>\n<td width=\"144\">GT \/ NT<\/td>\n<td width=\"264\">650 \/ 516<\/td>\n<\/tr>\n<tr>\n<td width=\"144\">Lightweight<\/td>\n<td width=\"264\">380 t<\/td>\n<\/tr>\n<tr>\n<td width=\"144\">Deadweight<\/td>\n<td width=\"264\">900 t<\/td>\n<\/tr>\n<tr>\n<td width=\"144\">Hopper volume<\/td>\n<td width=\"264\">506 m<sup>3<\/sup><\/td>\n<\/tr>\n<tr>\n<td width=\"144\">Propulsion<\/td>\n<td width=\"264\">Schottel rudder propeller.<\/td>\n<\/tr>\n<tr>\n<td width=\"144\">Prop engine<\/td>\n<td width=\"264\">2 x cat 8-cyl. 365 hp each<\/td>\n<\/tr>\n<tr>\n<td width=\"144\">Speed<\/td>\n<td width=\"264\">8 knots<\/td>\n<\/tr>\n<tr>\n<td width=\"144\">Accommodation<\/td>\n<td width=\"264\">1 x 1 &amp; 1 x 6., total: 7 persons<\/td>\n<\/tr>\n<\/tbody>\n<\/table>\n[\/vc_column_text][\/vc_tta_section][\/vc_tta_tabs][\/vc_column][\/vc_row][vc_row][vc_column][vc_separator][\/vc_column][\/vc_row][vc_row][vc_column width=\u00bb1\/4&#8243;][vc_gallery interval=\u00bb0&#8243; images=\u00bb2852,2851&#8243; img_size=\u00bbfull\u00bb][\/vc_column][vc_column width=\u00bb3\/4&#8243;][vc_tta_tabs active_section=\u00bb1&#8243; title=\u00bb1.200 m3 No propuls\u00f3 (2 hermanas)\u00bb][vc_tta_section title=\u00bbBreve descripci\u00f3n \u00bb tab_id=\u00bb1469453139099-c7babe8d-9af2&#8243;][vc_column_text]Class: BV. Location: Australasia, For charter only: <a href=\"mailto:info@vlmaritime.com\">Inquire<\/a>[\/vc_column_text][\/vc_tta_section][vc_tta_section title=\u00bbEspecificaci\u00f3n detallada\u00bb tab_id=\u00bb1469453139819-77acbb89-f293&#8243;][vc_column_text]\n<table style=\"height: 100px;\" width=\"347\">\n<tbody>\n<tr>\n<td>Built<\/td>\n<td>2015<\/td>\n<\/tr>\n<tr>\n<td>Hopper capacity<\/td>\n<td>1.200 m3<\/td>\n<\/tr>\n<tr>\n<td>Length overall<\/td>\n<td>66.2 m<\/td>\n<\/tr>\n<tr>\n<td>Width<\/td>\n<td>12.0 m<\/td>\n<\/tr>\n<tr>\n<td>Draft loaded<\/td>\n<td>4.25 m<\/td>\n<\/tr>\n<tr>\n<td>Draft lightship<\/td>\n<td>1.50 m<\/td>\n<\/tr>\n<tr>\n<td>Lightship<\/td>\n<td>750 tonne<\/td>\n<\/tr>\n<tr>\n<td>Deadweight (approx.)<\/td>\n<td>1.800 tonne<\/td>\n<\/tr>\n<tr>\n<td>Hopper bottom opening<\/td>\n<td>3.6m\u00a0(max.)<\/td>\n<\/tr>\n<\/tbody>\n<\/table>\n[\/vc_column_text][\/vc_tta_section][\/vc_tta_tabs][\/vc_column][\/vc_row][vc_row][vc_column][vc_separator][\/vc_column][\/vc_row][vc_row][vc_column width=\u00bb1\/4&#8243;][vc_gallery interval=\u00bb0&#8243; images=\u00bb2618,2617&#8243; img_size=\u00bbfull\u00bb][\/vc_column][vc_column width=\u00bb3\/4&#8243;][vc_tta_tabs active_section=\u00bb1&#8243; title=\u00bb640 m3 No propuls\u00f3\u00bb][vc_tta_section title=\u00bbBreve descripci\u00f3n \u00bb tab_id=\u00bb1470723654977-33597c0f-ad31&#8243;][vc_column_text]Class: SUK. Location: North Sea, Price: <a href=\"mailto:info@vlmaritime.com\">Inquire<\/a>[\/vc_column_text][\/vc_tta_section][vc_tta_section title=\u00bbEspecificaci\u00f3n detallada\u00bb tab_id=\u00bb1470723655478-c8ccd340-a84f\u00bb][vc_column_text]\n<table>\n<tbody>\n<tr>\n<td width=\"132\"><strong>GENERAL<\/strong><\/td>\n<td width=\"258\"><\/td>\n<\/tr>\n<tr>\n<td width=\"132\">Built<\/td>\n<td width=\"258\">1977<\/td>\n<\/tr>\n<tr>\n<td width=\"132\">\u00a0 \u00a0<strong> \u00a0 \u00a0 \u00a0 \u00a0\u00a0<\/strong><\/td>\n<td width=\"258\"><\/td>\n<\/tr>\n<tr>\n<td width=\"132\"><strong>DIMENSIONS<\/strong><\/td>\n<td width=\"258\"><\/td>\n<\/tr>\n<tr>\n<td width=\"132\">Length over all<\/td>\n<td width=\"258\">55,00 m<\/td>\n<\/tr>\n<tr>\n<td width=\"132\">Width<\/td>\n<td width=\"258\">10,00 m<\/td>\n<\/tr>\n<tr>\n<td width=\"132\">Depth<\/td>\n<td width=\"258\">3,50 m<\/td>\n<\/tr>\n<tr>\n<td width=\"132\">\u00a0 <strong>\u00a0 \u00a0 \u00a0 \u00a0 \u00a0<\/strong><\/td>\n<td width=\"258\"><\/td>\n<\/tr>\n<tr>\n<td width=\"132\"><strong>CAPACITIES<\/strong><\/td>\n<td width=\"258\"><\/td>\n<\/tr>\n<tr>\n<td width=\"132\">Hopper volume<\/td>\n<td width=\"258\">640 m<sup>3<\/sup><\/td>\n<\/tr>\n<tr>\n<td width=\"132\">\u00a0 <strong>\u00a0 \u00a0 \u00a0 \u00a0 \u00a0<\/strong><\/td>\n<td width=\"258\"><\/td>\n<\/tr>\n<tr>\n<td width=\"132\"><\/td>\n<td width=\"258\"><\/td>\n<\/tr>\n<\/tbody>\n<\/table>\n[\/vc_column_text][\/vc_tta_section][\/vc_tta_tabs][\/vc_column][\/vc_row][vc_row][vc_column][vc_separator][\/vc_column][\/vc_row][vc_row][vc_column width=\u00bb1\/4&#8243;][vc_single_image image=\u00bb664&#8243; img_size=\u00bbfull\u00bb alignment=\u00bbcenter\u00bb][\/vc_column][vc_column width=\u00bb3\/4&#8243;][vc_tta_tabs active_section=\u00bb1&#8243; title=\u00bbBarcazas de Tolva Partida\u00bb][vc_tta_section title=\u00bbBreve descripci\u00f3n \u00bb tab_id=\u00bb1464010766856-a3d28f65-eb78&#8243;][vc_column_text]Otros Barcazas de Tolva Partida Autopropulsada y no autopropulsada disponibles en\u00a0venta y para fletamiento\u00a0de tiempo.\u00a0<a href=\"mailto:info@vlmaritime.com\">Consulta<\/a><\/p>\n<p>M\u00e1s detalles siguientes pronto[\/vc_column_text][\/vc_tta_section][vc_tta_section title=\u00bbEspecificaci\u00f3n detallada\u00bb tab_id=\u00bb1464010767021-77b220b9-ab07&#8243;][vc_column_text]Por favor,\u00a0<a href=\"mailto:info@vlmaritime.com\">consulta<\/a>\u00a0para m\u00e1s detalles[\/vc_column_text][\/vc_tta_section][\/vc_tta_tabs][\/vc_column][\/vc_row][vc_row][vc_column][vc_separator][\/vc_column][\/vc_row][vc_row][vc_column][vc_column_text]Barcazas de Tolva Partida Autopropulsada y\u00a0sin propulsi\u00f3n o Chalanes, un recipiente con una gran bodega abierta, que se utiliza para cargar y transportar material de dragado. La barcaza est\u00e1 normalmente cargado por cualquier tipo de draga, por lo general un draga en\u00a0succi\u00f3n de cortador, una drag retroexcavadora o una draga de agerra. Cuando se carga, el buque navega de forma independiente a la zona de dep\u00f3sito, donde se descarga los materiales. El casco del barco se compone de dos mitades, y la descarga se realiza mediante la apertura o del splitting, las dos mitades por medio de dos o m\u00e1s cilindros hidr\u00e1ulicos, y depositar el suelo en el fondo marino. Debido al hecho de no se utilizan v\u00e1lvulas de fondo, este dep\u00f3sito puede tener lugar en aguas poco profundas relativa.[\/vc_column_text][\/vc_column][\/vc_row][vc_column][\/vc_column]\n<\/div>","protected":false},"excerpt":{"rendered":"<p>[vc_row][vc_column][vc_column_text] Barcazas de Tolva Partida\u00a0y\u00a0Chalanes en Venta o para Fletamento [\/vc_column_text][\/vc_column][\/vc_row][vc_row][vc_column][vc_separator][\/vc_column][\/vc_row][vc_row][vc_column width=\u00bb1\/4&#8243;][vc_gallery interval=\u00bb0&#8243; images=\u00bb2480,2481&#8243; img_size=\u00bbfull\u00bb][\/vc_column][vc_column width=\u00bb3\/4&#8243;][vc_tta_tabs active_section=\u00bb1&#8243; title=\u00bb750 m3 Barcazas Autopropulsado (2 hermanas)\u00bb][vc_tta_section title=\u00bbBreve descripci\u00f3n \u00bb<span class=\"excerpt-hellip\"> [\u2026]<\/span><\/p>\n","protected":false},"author":2,"featured_media":0,"parent":0,"menu_order":0,"comment_status":"closed","ping_status":"closed","template":"","meta":{"_monsterinsights_skip_tracking":false,"_monsterinsights_sitenote_active":false,"_monsterinsights_sitenote_note":"","_monsterinsights_sitenote_category":0,"footnotes":""},"class_list":["post-2874","page","type-page","status-publish","hentry"],"yoast_head":"<!-- This site is optimized with the Yoast SEO plugin v27.5 - https:\/\/yoast.com\/product\/yoast-seo-wordpress\/ -->\n<title>Barcazas de Tolva Partida y Chalanes - VL Maritime Services (Pty) Ltd<\/title>\n<meta name=\"description\" content=\"Barcazas de Tolva Partida Autopropulsada, Barcazas de Tolva Partida sin propulsi\u00f3n o Chalanes\" \/>\n<meta name=\"robots\" content=\"index, follow, max-snippet:-1, max-image-preview:large, max-video-preview:-1\" \/>\n<link rel=\"canonical\" href=\"https:\/\/www.vlmaritime.com\/es\/chalanes\/\" \/>\n<meta name=\"twitter:label1\" content=\"Tiempo de lectura\" \/>\n\t<meta name=\"twitter:data1\" content=\"6 minutos\" \/>\n<script type=\"application\/ld+json\" class=\"yoast-schema-graph\">{\"@context\":\"https:\\\/\\\/schema.org\",\"@graph\":[{\"@type\":\"WebPage\",\"@id\":\"https:\\\/\\\/www.vlmaritime.com\\\/es\\\/chalanes\\\/\",\"url\":\"https:\\\/\\\/www.vlmaritime.com\\\/es\\\/chalanes\\\/\",\"name\":\"Barcazas de Tolva Partida y Chalanes - VL Maritime Services (Pty) Ltd\",\"isPartOf\":{\"@id\":\"https:\\\/\\\/www.vlmaritime.com\\\/#website\"},\"datePublished\":\"2016-06-21T07:24:40+00:00\",\"dateModified\":\"2016-08-18T11:34:43+00:00\",\"description\":\"Barcazas de Tolva Partida Autopropulsada, Barcazas de Tolva Partida sin propulsi\u00f3n o Chalanes\",\"breadcrumb\":{\"@id\":\"https:\\\/\\\/www.vlmaritime.com\\\/es\\\/chalanes\\\/#breadcrumb\"},\"inLanguage\":\"es\",\"potentialAction\":[{\"@type\":\"ReadAction\",\"target\":[\"https:\\\/\\\/www.vlmaritime.com\\\/es\\\/chalanes\\\/\"]}]},{\"@type\":\"BreadcrumbList\",\"@id\":\"https:\\\/\\\/www.vlmaritime.com\\\/es\\\/chalanes\\\/#breadcrumb\",\"itemListElement\":[{\"@type\":\"ListItem\",\"position\":1,\"name\":\"Home\",\"item\":\"https:\\\/\\\/www.vlmaritime.com\\\/es\\\/\"},{\"@type\":\"ListItem\",\"position\":2,\"name\":\"Barcazas de Tolva Partida y Chalanes\"}]},{\"@type\":\"WebSite\",\"@id\":\"https:\\\/\\\/www.vlmaritime.com\\\/#website\",\"url\":\"https:\\\/\\\/www.vlmaritime.com\\\/\",\"name\":\"VL Maritime Services (Pty) Ltd\",\"description\":\"VLMS specialises in S&amp;P, Chartering, Dredge Component Purchase, Contract Support in all aspects in relation to vessels and floating structures in every form and application.\",\"potentialAction\":[{\"@type\":\"SearchAction\",\"target\":{\"@type\":\"EntryPoint\",\"urlTemplate\":\"https:\\\/\\\/www.vlmaritime.com\\\/?s={search_term_string}\"},\"query-input\":{\"@type\":\"PropertyValueSpecification\",\"valueRequired\":true,\"valueName\":\"search_term_string\"}}],\"inLanguage\":\"es\"}]}<\/script>\n<!-- \/ Yoast SEO plugin. -->","yoast_head_json":{"title":"Barcazas de Tolva Partida y Chalanes - VL Maritime Services (Pty) Ltd","description":"Barcazas de Tolva Partida Autopropulsada, Barcazas de Tolva Partida sin propulsi\u00f3n o Chalanes","robots":{"index":"index","follow":"follow","max-snippet":"max-snippet:-1","max-image-preview":"max-image-preview:large","max-video-preview":"max-video-preview:-1"},"canonical":"https:\/\/www.vlmaritime.com\/es\/chalanes\/","twitter_misc":{"Tiempo de lectura":"6 minutos"},"schema":{"@context":"https:\/\/schema.org","@graph":[{"@type":"WebPage","@id":"https:\/\/www.vlmaritime.com\/es\/chalanes\/","url":"https:\/\/www.vlmaritime.com\/es\/chalanes\/","name":"Barcazas de Tolva Partida y Chalanes - VL Maritime Services (Pty) Ltd","isPartOf":{"@id":"https:\/\/www.vlmaritime.com\/#website"},"datePublished":"2016-06-21T07:24:40+00:00","dateModified":"2016-08-18T11:34:43+00:00","description":"Barcazas de Tolva Partida Autopropulsada, Barcazas de Tolva Partida sin propulsi\u00f3n o Chalanes","breadcrumb":{"@id":"https:\/\/www.vlmaritime.com\/es\/chalanes\/#breadcrumb"},"inLanguage":"es","potentialAction":[{"@type":"ReadAction","target":["https:\/\/www.vlmaritime.com\/es\/chalanes\/"]}]},{"@type":"BreadcrumbList","@id":"https:\/\/www.vlmaritime.com\/es\/chalanes\/#breadcrumb","itemListElement":[{"@type":"ListItem","position":1,"name":"Home","item":"https:\/\/www.vlmaritime.com\/es\/"},{"@type":"ListItem","position":2,"name":"Barcazas de Tolva Partida y Chalanes"}]},{"@type":"WebSite","@id":"https:\/\/www.vlmaritime.com\/#website","url":"https:\/\/www.vlmaritime.com\/","name":"VL Maritime Services (Pty) Ltd","description":"VLMS specialises in S&amp;P, Chartering, Dredge Component Purchase, Contract Support in all aspects in relation to vessels and floating structures in every form and application.","potentialAction":[{"@type":"SearchAction","target":{"@type":"EntryPoint","urlTemplate":"https:\/\/www.vlmaritime.com\/?s={search_term_string}"},"query-input":{"@type":"PropertyValueSpecification","valueRequired":true,"valueName":"search_term_string"}}],"inLanguage":"es"}]}},"_links":{"self":[{"href":"https:\/\/www.vlmaritime.com\/es\/wp-json\/wp\/v2\/pages\/2874","targetHints":{"allow":["GET"]}}],"collection":[{"href":"https:\/\/www.vlmaritime.com\/es\/wp-json\/wp\/v2\/pages"}],"about":[{"href":"https:\/\/www.vlmaritime.com\/es\/wp-json\/wp\/v2\/types\/page"}],"author":[{"embeddable":true,"href":"https:\/\/www.vlmaritime.com\/es\/wp-json\/wp\/v2\/users\/2"}],"replies":[{"embeddable":true,"href":"https:\/\/www.vlmaritime.com\/es\/wp-json\/wp\/v2\/comments?post=2874"}],"version-history":[{"count":1,"href":"https:\/\/www.vlmaritime.com\/es\/wp-json\/wp\/v2\/pages\/2874\/revisions"}],"predecessor-version":[{"id":2876,"href":"https:\/\/www.vlmaritime.com\/es\/wp-json\/wp\/v2\/pages\/2874\/revisions\/2876"}],"wp:attachment":[{"href":"https:\/\/www.vlmaritime.com\/es\/wp-json\/wp\/v2\/media?parent=2874"}],"curies":[{"name":"wp","href":"https:\/\/api.w.org\/{rel}","templated":true}]}}