{"id":1035,"date":"2016-01-07T18:59:47","date_gmt":"2016-01-07T16:59:47","guid":{"rendered":"https:\/\/www.vlmaritime.com\/es\/?page_id=1035"},"modified":"2016-05-12T16:17:33","modified_gmt":"2016-05-12T14:17:33","slug":"disclaimer","status":"publish","type":"page","link":"https:\/\/www.vlmaritime.com\/es\/disclaimer\/","title":{"rendered":"Disclaimer &#8211; Renuncia"},"content":{"rendered":"<div class=\"wpb-content-wrapper\">[vc_row][vc_column][vc_empty_space][\/vc_column][\/vc_row][vc_row][vc_column][vc_column_text]\n<h2>Este sitio web es para prop\u00f3sitos generales de informaci\u00f3n previsto Solamente y por lo tanto ning\u00fan derecho puede derivarse de su contenido.<\/h2>\n[\/vc_column_text][\/vc_column][\/vc_row]\n<\/div>","protected":false},"excerpt":{"rendered":"<p>[vc_row][vc_column][vc_empty_space][\/vc_column][\/vc_row][vc_row][vc_column][vc_column_text] Este sitio web es para prop\u00f3sitos generales de informaci\u00f3n previsto Solamente y por lo tanto ning\u00fan derecho puede derivarse de su contenido. [\/vc_column_text][\/vc_column][\/vc_row]<\/p>\n","protected":false},"author":2,"featured_media":0,"parent":0,"menu_order":0,"comment_status":"closed","ping_status":"closed","template":"","meta":{"_monsterinsights_skip_tracking":false,"_monsterinsights_sitenote_active":false,"_monsterinsights_sitenote_note":"","_monsterinsights_sitenote_category":0,"footnotes":""},"class_list":["post-1035","page","type-page","status-publish","hentry"],"yoast_head":"<!-- This site is optimized with the Yoast SEO plugin v27.5 - https:\/\/yoast.com\/product\/yoast-seo-wordpress\/ -->\n<title>Disclaimer - Renuncia - VL Maritime Services (Pty) Ltd<\/title>\n<meta name=\"robots\" content=\"index, follow, max-snippet:-1, max-image-preview:large, max-video-preview:-1\" \/>\n<link rel=\"canonical\" href=\"https:\/\/www.vlmaritime.com\/es\/disclaimer\/\" \/>\n<script type=\"application\/ld+json\" class=\"yoast-schema-graph\">{\"@context\":\"https:\\\/\\\/schema.org\",\"@graph\":[{\"@type\":\"WebPage\",\"@id\":\"https:\\\/\\\/www.vlmaritime.com\\\/es\\\/disclaimer\\\/\",\"url\":\"https:\\\/\\\/www.vlmaritime.com\\\/es\\\/disclaimer\\\/\",\"name\":\"Disclaimer - Renuncia - VL Maritime Services (Pty) Ltd\",\"isPartOf\":{\"@id\":\"https:\\\/\\\/www.vlmaritime.com\\\/#website\"},\"datePublished\":\"2016-01-07T16:59:47+00:00\",\"dateModified\":\"2016-05-12T14:17:33+00:00\",\"breadcrumb\":{\"@id\":\"https:\\\/\\\/www.vlmaritime.com\\\/es\\\/disclaimer\\\/#breadcrumb\"},\"inLanguage\":\"es\",\"potentialAction\":[{\"@type\":\"ReadAction\",\"target\":[\"https:\\\/\\\/www.vlmaritime.com\\\/es\\\/disclaimer\\\/\"]}]},{\"@type\":\"BreadcrumbList\",\"@id\":\"https:\\\/\\\/www.vlmaritime.com\\\/es\\\/disclaimer\\\/#breadcrumb\",\"itemListElement\":[{\"@type\":\"ListItem\",\"position\":1,\"name\":\"Home\",\"item\":\"https:\\\/\\\/www.vlmaritime.com\\\/es\\\/\"},{\"@type\":\"ListItem\",\"position\":2,\"name\":\"Disclaimer &#8211; Renuncia\"}]},{\"@type\":\"WebSite\",\"@id\":\"https:\\\/\\\/www.vlmaritime.com\\\/#website\",\"url\":\"https:\\\/\\\/www.vlmaritime.com\\\/\",\"name\":\"VL Maritime Services (Pty) Ltd\",\"description\":\"VLMS specialises in S&amp;P, Chartering, Dredge Component Purchase, Contract Support in all aspects in relation to vessels and floating structures in every form and application.\",\"potentialAction\":[{\"@type\":\"SearchAction\",\"target\":{\"@type\":\"EntryPoint\",\"urlTemplate\":\"https:\\\/\\\/www.vlmaritime.com\\\/?s={search_term_string}\"},\"query-input\":{\"@type\":\"PropertyValueSpecification\",\"valueRequired\":true,\"valueName\":\"search_term_string\"}}],\"inLanguage\":\"es\"}]}<\/script>\n<!-- \/ Yoast SEO plugin. -->","yoast_head_json":{"title":"Disclaimer - Renuncia - VL Maritime Services (Pty) Ltd","robots":{"index":"index","follow":"follow","max-snippet":"max-snippet:-1","max-image-preview":"max-image-preview:large","max-video-preview":"max-video-preview:-1"},"canonical":"https:\/\/www.vlmaritime.com\/es\/disclaimer\/","schema":{"@context":"https:\/\/schema.org","@graph":[{"@type":"WebPage","@id":"https:\/\/www.vlmaritime.com\/es\/disclaimer\/","url":"https:\/\/www.vlmaritime.com\/es\/disclaimer\/","name":"Disclaimer - Renuncia - VL Maritime Services (Pty) Ltd","isPartOf":{"@id":"https:\/\/www.vlmaritime.com\/#website"},"datePublished":"2016-01-07T16:59:47+00:00","dateModified":"2016-05-12T14:17:33+00:00","breadcrumb":{"@id":"https:\/\/www.vlmaritime.com\/es\/disclaimer\/#breadcrumb"},"inLanguage":"es","potentialAction":[{"@type":"ReadAction","target":["https:\/\/www.vlmaritime.com\/es\/disclaimer\/"]}]},{"@type":"BreadcrumbList","@id":"https:\/\/www.vlmaritime.com\/es\/disclaimer\/#breadcrumb","itemListElement":[{"@type":"ListItem","position":1,"name":"Home","item":"https:\/\/www.vlmaritime.com\/es\/"},{"@type":"ListItem","position":2,"name":"Disclaimer &#8211; Renuncia"}]},{"@type":"WebSite","@id":"https:\/\/www.vlmaritime.com\/#website","url":"https:\/\/www.vlmaritime.com\/","name":"VL Maritime Services (Pty) Ltd","description":"VLMS specialises in S&amp;P, Chartering, Dredge Component Purchase, Contract Support in all aspects in relation to vessels and floating structures in every form and application.","potentialAction":[{"@type":"SearchAction","target":{"@type":"EntryPoint","urlTemplate":"https:\/\/www.vlmaritime.com\/?s={search_term_string}"},"query-input":{"@type":"PropertyValueSpecification","valueRequired":true,"valueName":"search_term_string"}}],"inLanguage":"es"}]}},"_links":{"self":[{"href":"https:\/\/www.vlmaritime.com\/es\/wp-json\/wp\/v2\/pages\/1035","targetHints":{"allow":["GET"]}}],"collection":[{"href":"https:\/\/www.vlmaritime.com\/es\/wp-json\/wp\/v2\/pages"}],"about":[{"href":"https:\/\/www.vlmaritime.com\/es\/wp-json\/wp\/v2\/types\/page"}],"author":[{"embeddable":true,"href":"https:\/\/www.vlmaritime.com\/es\/wp-json\/wp\/v2\/users\/2"}],"replies":[{"embeddable":true,"href":"https:\/\/www.vlmaritime.com\/es\/wp-json\/wp\/v2\/comments?post=1035"}],"version-history":[{"count":0,"href":"https:\/\/www.vlmaritime.com\/es\/wp-json\/wp\/v2\/pages\/1035\/revisions"}],"wp:attachment":[{"href":"https:\/\/www.vlmaritime.com\/es\/wp-json\/wp\/v2\/media?parent=1035"}],"curies":[{"name":"wp","href":"https:\/\/api.w.org\/{rel}","templated":true}]}}